{"id":238,"date":"2023-04-06T17:21:36","date_gmt":"2023-04-06T17:21:36","guid":{"rendered":"https:\/\/wp.warp-factory.de\/?page_id=238"},"modified":"2023-05-12T10:06:00","modified_gmt":"2023-05-12T10:06:00","slug":"die-kanzlei","status":"publish","type":"page","link":"https:\/\/www.smp-frankfurt.de\/index.php\/die-kanzlei\/","title":{"rendered":"Die Kanzlei"},"content":{"rendered":"\n<div class=\"wp-block-cover alignfull is-light\" style=\"min-height:520px;aspect-ratio:unset;\"><span aria-hidden=\"true\" class=\"wp-block-cover__background has-background-dim-100 has-background-dim\" style=\"background-color:#eef0ed\"><\/span><div class=\"wp-block-cover__inner-container is-layout-flow wp-block-cover-is-layout-flow\">\n<div class=\"wp-block-group is-layout-constrained wp-container-core-group-is-layout-4383d167 wp-block-group-is-layout-constrained\">\n<div class=\"wp-block-group is-layout-constrained wp-container-core-group-is-layout-4383d167 wp-block-group-is-layout-constrained\">\n<div class=\"wp-block-columns is-layout-flex wp-container-core-columns-is-layout-28f84493 wp-block-columns-is-layout-flex\">\n<div class=\"wp-block-column is-layout-flow wp-block-column-is-layout-flow\" style=\"flex-basis:50%\">\n<div class=\"wp-block-group is-layout-constrained wp-block-group-is-layout-constrained\">\n<h3 class=\"wp-block-heading has-text-align-center has-text-color\" style=\"color:#121212;padding-top:0;padding-right:0;padding-bottom:0;padding-left:0\">\u00dcber uns<\/h3>\n\n\n\n<p style=\"font-size:22px\">Die Geschichte der Kanzlei SMP Schinogl M\u00fcller und Partner GbR reicht bis ins Jahr 1994 zur\u00fcck. Seitdem stehen wir f\u00fcr umfassende und kompetente Beratung und Pr\u00fcfung.<\/p>\n\n\n\n<p style=\"font-size:22px\">Im Laufe der Zeit haben sich sowohl der Beraterstab als auch die Zahl der betreuten Mandate vergr\u00f6\u00dfert. Eingegliedert in den internationalen AGN Verbund erstreckt sich unsere T\u00e4tigkeit auch auf grenz\u00fcberschreitende Expertise.<\/p>\n<\/div>\n<\/div>\n\n\n\n<div class=\"wp-block-column is-layout-flow wp-block-column-is-layout-flow\" style=\"flex-basis:50%\">\n<figure class=\"wp-block-image size-full has-custom-border\"><img loading=\"lazy\" decoding=\"async\" width=\"707\" height=\"470\" src=\"https:\/\/smp-frankfurt.de\/wp-content\/uploads\/2023\/04\/Teamfoto.jpg\" alt=\"\" class=\"wp-image-246\" style=\"border-radius:24px\" srcset=\"https:\/\/www.smp-frankfurt.de\/wp-content\/uploads\/2023\/04\/Teamfoto.jpg 707w, https:\/\/www.smp-frankfurt.de\/wp-content\/uploads\/2023\/04\/Teamfoto-300x199.jpg 300w\" sizes=\"auto, (max-width: 707px) 100vw, 707px\" \/><\/figure>\n\n\n\n<div style=\"height:35px\" aria-hidden=\"true\" class=\"wp-block-spacer\"><\/div>\n<\/div>\n<\/div>\n<\/div>\n\n\n\n<p class=\"has-text-align-center has-large-font-size\"><\/p>\n<\/div>\n<\/div><\/div>\n\n\n\n<div class=\"wp-block-cover alignfull is-light\" style=\"min-height:520px;aspect-ratio:unset;\"><span aria-hidden=\"true\" class=\"wp-block-cover__background has-background-dim-100 has-background-dim\" style=\"background-color:#ececeb\"><\/span><div class=\"wp-block-cover__inner-container is-layout-flow wp-block-cover-is-layout-flow\">\n<div class=\"wp-block-group is-layout-constrained wp-container-core-group-is-layout-4383d167 wp-block-group-is-layout-constrained\">\n<h3 class=\"wp-block-heading has-text-align-left has-text-color\" style=\"color:#121212;padding-top:0;padding-right:0;padding-bottom:0;padding-left:0\">Unsere Philosophie<\/h3>\n\n\n\n<div style=\"height:1px\" aria-hidden=\"true\" class=\"wp-block-spacer\"><\/div>\n\n\n\n<h4 class=\"wp-block-heading has-text-color\" style=\"color:#02aedd\"><strong>Ihr Erfolg<\/strong><\/h4>\n\n\n\n<p style=\"font-size:22px\">Rechtliche, steuerliche und \u00f6konomische Entscheidungen stehen am Anfang einer jeden unternehmerischen Entwicklung. Wir schauen voraus und sorgen daf\u00fcr, dass Sie von Beginn an den richtigen Weg einschlagen. Sie definieren das Ziel, wir schaffen die strukturelle Plattform.<\/p>\n\n\n\n<p class=\"has-text-align-center has-large-font-size\"><\/p>\n<\/div>\n\n\n\n<div class=\"wp-block-group is-layout-constrained wp-container-core-group-is-layout-4383d167 wp-block-group-is-layout-constrained\">\n<h4 class=\"wp-block-heading has-text-color\" style=\"color:#02aedd\"><strong>Ihr Begleiter<\/strong><\/h4>\n\n\n\n<p style=\"font-size:22px\">Ob Gr\u00fcndung, laufende Beratung, Krise oder Liquidation, als st\u00e4ndiger Weggef\u00e4hrte helfen wir Ihnen bei der erfolgreichen Navigation Ihres Unternehmens. Denn Unternehmertum bedingt Kreativit\u00e4t einerseits, jedoch auch Wagnis andererseits. Daher ist ein stabiles Fundament, welches Handlungsspielr\u00e4ume erm\u00f6glicht und Risiken gleicherma\u00dfen minimiert, von zentraler Bedeutung f\u00fcr Ihr Weiterkommen.<\/p>\n\n\n\n<p style=\"font-size:22px\">SMP Schinogl M\u00fcller und Partner GbR schafft die rechtlichen und \u00f6konomischen Strukturen f\u00fcr Sie und Ihre Familie, f\u00fcr Ihr Unternehmen sowie f\u00fcr Ihre Mitarbeiter.<\/p>\n\n\n\n<p class=\"has-text-align-center has-large-font-size\"><\/p>\n<\/div>\n\n\n\n<div class=\"wp-block-group is-layout-constrained wp-container-core-group-is-layout-4383d167 wp-block-group-is-layout-constrained\">\n<h4 class=\"wp-block-heading has-text-color\" style=\"color:#02aedd\"><strong>\u00dcber den Tellerrand hinaus<\/strong><\/h4>\n\n\n\n<p style=\"font-size:22px\">Rechts- und Steuerberatung wie auch die betriebswirtschaftliche Perspektive gehen oft Hand in Hand. Unsere Berater decken unterschiedliche fachliche Schwerpunkte ab und arbeiten eng verzahnt, um Ihrem pers\u00f6nlichen Anliegen kompetent gerecht zu werden.<\/p>\n\n\n\n<p class=\"has-text-align-center has-large-font-size\"><\/p>\n<\/div>\n<\/div><\/div>\n\n\n\n<div class=\"wp-block-cover alignfull is-light\" style=\"min-height:520px;aspect-ratio:unset;\"><span aria-hidden=\"true\" class=\"wp-block-cover__background has-background-dim-0 has-background-dim\" style=\"background-color:#ececeb\"><\/span><div class=\"wp-block-cover__inner-container is-layout-flow wp-block-cover-is-layout-flow\">\n<div class=\"wp-block-group is-layout-constrained wp-container-core-group-is-layout-4383d167 wp-block-group-is-layout-constrained\">\n<h3 class=\"wp-block-heading has-text-align-left has-text-color\" style=\"color:#121212;padding-top:0;padding-right:0;padding-bottom:0;padding-left:0\">Auszeichnungen<\/h3>\n\n\n\n<div style=\"height:1px\" aria-hidden=\"true\" class=\"wp-block-spacer\"><\/div>\n\n\n\n<h4 class=\"wp-block-heading has-foreground-color has-text-color\">Focus<\/h4>\n\n\n\n<p style=\"font-size:22px\">Auch in 2017 sind wir wieder durch FOCUS als eine der <strong>TOP Kanzleien in Deutschland<\/strong> ausgezeichnet worden (Schwerpunkt Umwandlung, Umstrukturierungen und M&amp;A)<\/p>\n\n\n\n<p class=\"has-text-align-center has-large-font-size\"><\/p>\n<\/div>\n\n\n\n<div class=\"wp-block-group is-layout-constrained wp-container-core-group-is-layout-4383d167 wp-block-group-is-layout-constrained\">\n<h4 class=\"wp-block-heading has-foreground-color has-text-color\">AGN<\/h4>\n\n\n\n<div class=\"wp-block-columns is-layout-flex wp-container-core-columns-is-layout-28f84493 wp-block-columns-is-layout-flex\">\n<div class=\"wp-block-column is-layout-flow wp-block-column-is-layout-flow\" style=\"flex-basis:100%\">\n<div class=\"wp-block-group is-layout-constrained wp-container-core-group-is-layout-4383d167 wp-block-group-is-layout-constrained\">\n<p style=\"font-size:22px\">Wir geh\u00f6ren dem internationalen Pr\u00fcfungs- und Beratungsverbund AGN an. In Zusammenarbeit mit unseren ausl\u00e4ndischen Kollegen k\u00f6nnen wir dadurch grenz\u00fcberschreitende Expertise aus einem Guss gew\u00e4hrleisten. Machen Sie sich den Vorteil umfassender Beratung zu eigen, damit auch die internationale Ausrichtung Ihres Unternehmens gelingt.<\/p>\n\n\n\n<p class=\"has-text-align-center has-large-font-size\"><\/p>\n<\/div>\n<\/div>\n\n\n\n<div class=\"wp-block-column is-content-justification-right is-layout-constrained wp-container-core-column-is-layout-f1f2ed93 wp-block-column-is-layout-constrained\" style=\"flex-basis:20%\">\n<figure class=\"wp-block-image alignright size-full\"><a href=\"https:\/\/agn.org\/\" target=\"_blank\" rel=\"noreferrer noopener\"><img loading=\"lazy\" decoding=\"async\" width=\"126\" height=\"89\" src=\"https:\/\/smp-frankfurt.de\/wp-content\/uploads\/2023\/04\/Logo-agn-International.png\" alt=\"\" class=\"wp-image-272\"\/><\/a><\/figure>\n<\/div>\n<\/div>\n<\/div>\n\n\n\n<div class=\"wp-block-group is-layout-constrained wp-container-core-group-is-layout-4383d167 wp-block-group-is-layout-constrained\">\n<h4 class=\"wp-block-heading has-foreground-color has-text-color\">WIRA<\/h4>\n\n\n\n<div class=\"wp-block-columns is-layout-flex wp-container-core-columns-is-layout-28f84493 wp-block-columns-is-layout-flex\">\n<div class=\"wp-block-column is-layout-flow wp-block-column-is-layout-flow\" style=\"flex-basis:100%\">\n<div class=\"wp-block-group is-layout-constrained wp-container-core-group-is-layout-4383d167 wp-block-group-is-layout-constrained\">\n<p style=\"font-size:22px\">Gemeinsam mit der assoziierten WIRA AG Wirtschaftspr\u00fcfungsgesellschaft wickeln wir umfangreiche Abschlusspr\u00fcfungsmandate ab und garantieren einen reibungslosen Pr\u00fcfungsverlauf aus einer Hand.<\/p>\n\n\n\n<p class=\"has-text-align-center has-large-font-size\"><\/p>\n<\/div>\n<\/div>\n\n\n\n<div class=\"wp-block-column is-content-justification-right is-layout-constrained wp-container-core-column-is-layout-f1f2ed93 wp-block-column-is-layout-constrained\" style=\"flex-basis:20%\">\n<figure class=\"wp-block-image alignright size-full\"><a href=\"https:\/\/www.wira-audit.org\/\" target=\"_blank\" rel=\"noreferrer noopener\"><img loading=\"lazy\" decoding=\"async\" width=\"182\" height=\"66\" src=\"https:\/\/smp-frankfurt.de\/wp-content\/uploads\/2023\/04\/wira-ag-logo.jpg\" alt=\"\" class=\"wp-image-298\"\/><\/a><\/figure>\n<\/div>\n<\/div>\n<\/div>\n<\/div><\/div>\n","protected":false},"excerpt":{"rendered":"","protected":false},"author":1,"featured_media":0,"parent":0,"menu_order":0,"comment_status":"closed","ping_status":"closed","template":"","meta":{"footnotes":""},"class_list":["post-238","page","type-page","status-publish","hentry"],"_links":{"self":[{"href":"https:\/\/www.smp-frankfurt.de\/index.php\/wp-json\/wp\/v2\/pages\/238","targetHints":{"allow":["GET"]}}],"collection":[{"href":"https:\/\/www.smp-frankfurt.de\/index.php\/wp-json\/wp\/v2\/pages"}],"about":[{"href":"https:\/\/www.smp-frankfurt.de\/index.php\/wp-json\/wp\/v2\/types\/page"}],"author":[{"embeddable":true,"href":"https:\/\/www.smp-frankfurt.de\/index.php\/wp-json\/wp\/v2\/users\/1"}],"replies":[{"embeddable":true,"href":"https:\/\/www.smp-frankfurt.de\/index.php\/wp-json\/wp\/v2\/comments?post=238"}],"version-history":[{"count":56,"href":"https:\/\/www.smp-frankfurt.de\/index.php\/wp-json\/wp\/v2\/pages\/238\/revisions"}],"predecessor-version":[{"id":970,"href":"https:\/\/www.smp-frankfurt.de\/index.php\/wp-json\/wp\/v2\/pages\/238\/revisions\/970"}],"wp:attachment":[{"href":"https:\/\/www.smp-frankfurt.de\/index.php\/wp-json\/wp\/v2\/media?parent=238"}],"curies":[{"name":"wp","href":"https:\/\/api.w.org\/{rel}","templated":true}]}}