{"id":300,"date":"2023-04-06T19:41:52","date_gmt":"2023-04-06T19:41:52","guid":{"rendered":"https:\/\/wp.warp-factory.de\/?page_id=300"},"modified":"2023-05-09T10:53:28","modified_gmt":"2023-05-09T10:53:28","slug":"steuerberatung","status":"publish","type":"page","link":"https:\/\/www.smp-frankfurt.de\/index.php\/steuerberatung\/","title":{"rendered":"Steuerberatung"},"content":{"rendered":"\n<div class=\"wp-block-cover alignfull is-light\" style=\"min-height:520px;aspect-ratio:unset;\"><span aria-hidden=\"true\" class=\"wp-block-cover__background has-background-dim-100 has-background-dim\" style=\"background-color:#eef0ed\"><\/span><div class=\"wp-block-cover__inner-container is-layout-flow wp-block-cover-is-layout-flow\">\n<div class=\"wp-block-group is-layout-constrained wp-container-core-group-is-layout-4383d167 wp-block-group-is-layout-constrained\">\n<div class=\"wp-block-columns is-layout-flex wp-container-core-columns-is-layout-d7d455e7 wp-block-columns-is-layout-flex\" style=\"padding-top:0;padding-right:0;padding-bottom:0;padding-left:0\">\n<div class=\"wp-block-column is-layout-flow wp-block-column-is-layout-flow\" style=\"flex-basis:66%\">\n<div class=\"wp-block-group is-layout-flow wp-block-group-is-layout-flow\">\n<div class=\"wp-block-group is-layout-flow wp-block-group-is-layout-flow\">\n<div style=\"height:1px\" aria-hidden=\"true\" class=\"wp-block-spacer\"><\/div>\n\n\n\n<h3 class=\"wp-block-heading has-foreground-color has-text-color\">Steuerberatung<\/h3>\n\n\n\n<p style=\"font-size:20px\">Nahezu jede betriebliche wie auch eine Vielzahl pers\u00f6nlicher Entscheidungen haben steuerliche Konsequenzen. Aus diesem Grund steht der notwendige Blick auf die Besteuerung nicht am Ende, sondern am Anfang jeder \u00dcberlegung.<\/p>\n\n\n\n<p class=\"has-text-align-center has-large-font-size\"><\/p>\n<\/div>\n\n\n\n<div class=\"wp-block-group is-layout-flow wp-block-group-is-layout-flow\">\n<div style=\"height:1px\" aria-hidden=\"true\" class=\"wp-block-spacer\"><\/div>\n\n\n\n<h4 class=\"wp-block-heading has-foreground-color has-text-color\">Gestalten ist besser als reagieren:<\/h4>\n\n\n\n<p style=\"font-size:20px\">Nahezu jede betriebliche wie auch eine Vielzahl pers\u00f6nlicher Entscheidungen haben steuerliche Konsequenzen. Aus diesem Grund steht der notwendige Blick auf die Besteuerung nicht am Ende, sondern am Anfang jeder \u00dcberlegung.H\u00e4ufig geraten die steuerlichen Konsequenzen unternehmerischen Handelns aus dem Blickfeld. Doch lassen sich manche steuerliche und rechtliche Konflikte mittels fr\u00fchzeitiger Planung vermeiden. Im gemeinsamen Beratungsgespr\u00e4ch k\u00f6nnen wir im Vorfeld M\u00f6glichkeiten aufzeigen und Ihren Entscheidungsrahmen proaktiv optimieren. Denn Vorausschau ist immer besser als Nachschau.<\/p>\n\n\n\n<p class=\"has-text-align-center has-large-font-size\"><\/p>\n<\/div>\n<\/div>\n<\/div>\n\n\n\n<div class=\"wp-block-column is-layout-flow wp-block-column-is-layout-flow\" style=\"flex-basis:33%\">\n<div style=\"height:77px\" aria-hidden=\"true\" class=\"wp-block-spacer\"><\/div>\n\n\n\n<figure class=\"wp-block-image size-full is-resized has-custom-border\"><img loading=\"lazy\" decoding=\"async\" src=\"https:\/\/smp-frankfurt.de\/wp-content\/uploads\/2023\/04\/steuerliche-Beratung_1.jpg\" alt=\"\" class=\"wp-image-319\" style=\"border-radius:25px\" width=\"400\" height=\"263\" srcset=\"https:\/\/www.smp-frankfurt.de\/wp-content\/uploads\/2023\/04\/steuerliche-Beratung_1.jpg 400w, https:\/\/www.smp-frankfurt.de\/wp-content\/uploads\/2023\/04\/steuerliche-Beratung_1-300x197.jpg 300w\" sizes=\"auto, (max-width: 400px) 100vw, 400px\" \/><\/figure>\n<\/div>\n<\/div>\n<\/div>\n\n\n\n<div class=\"wp-block-group is-layout-constrained wp-container-core-group-is-layout-4383d167 wp-block-group-is-layout-constrained\">\n<p style=\"font-size:22px\"><\/p>\n\n\n\n<hr class=\"wp-block-separator has-alpha-channel-opacity is-style-wide\"\/>\n\n\n\n<div class=\"wp-block-columns is-layout-flex wp-container-core-columns-is-layout-28f84493 wp-block-columns-is-layout-flex\">\n<div class=\"wp-block-column is-layout-flow wp-block-column-is-layout-flow\" style=\"flex-basis:33.33%\">\n<figure class=\"wp-block-image size-full has-custom-border\"><img loading=\"lazy\" decoding=\"async\" width=\"400\" height=\"263\" src=\"https:\/\/smp-frankfurt.de\/wp-content\/uploads\/2023\/04\/steuerliche-Beratung_2.jpg\" alt=\"\" class=\"wp-image-341\" style=\"border-radius:25px\" srcset=\"https:\/\/www.smp-frankfurt.de\/wp-content\/uploads\/2023\/04\/steuerliche-Beratung_2.jpg 400w, https:\/\/www.smp-frankfurt.de\/wp-content\/uploads\/2023\/04\/steuerliche-Beratung_2-300x197.jpg 300w\" sizes=\"auto, (max-width: 400px) 100vw, 400px\" \/><\/figure>\n<\/div>\n\n\n\n<div class=\"wp-block-column is-layout-flow wp-block-column-is-layout-flow\" style=\"flex-basis:66.66%\">\n<p style=\"font-size:20px\">Gerade Unternehmensumwandlungen oder internationale Gesch\u00e4ftsaktivit\u00e4ten sind von enormer Komplexit\u00e4t gekennzeichnet. Nutzen Sie unser spezifisches Know-How und meistern Sie dadurch auch anspruchsvolle Herausforderungen.<\/p>\n\n\n\n<p style=\"font-size:20px\">Selbstverst\u00e4ndlich geh\u00f6ren die klassische und kontinuierliche Steuerberatung, d.h. die Erstellung von privaten und unternehmerischen Steuererkl\u00e4rungen sowie die Anfertigung von Jahresabschl\u00fcssen auf Einzel- und Konzernebene zu unserem Leistungsportfolio. Dies schlie\u00dft ebenso die Finanz- und Lohnbuchhaltung mit ein.<\/p>\n<\/div>\n<\/div>\n\n\n\n<p class=\"has-text-align-center has-large-font-size\"><\/p>\n\n\n\n<div class=\"wp-block-group is-layout-constrained wp-container-core-group-is-layout-4383d167 wp-block-group-is-layout-constrained\">\n<hr class=\"wp-block-separator has-alpha-channel-opacity is-style-wide\"\/>\n\n\n\n<p style=\"font-size:20px\">Streitigkeiten mit den Finanzbeh\u00f6rden k\u00f6nnen aufwendig und langwierig sein. Im Fachjargon ist der Begriff der <strong>\u201eTax Controversy\u201c<\/strong> mittlerweile in aller Munde. Jedoch gibt es h\u00e4ufig gute Gr\u00fcnde, die Auseinandersetzung mit den Beh\u00f6rden nicht zu scheuen. Wir k\u00fcmmern uns um Ihre rechtlichen Interessen gegen\u00fcber den Finanz\u00e4mtern, im Rahmen von Au\u00dfenpr\u00fcfungen oder auch vor den Finanzgerichten.<\/p>\n\n\n\n<p style=\"font-size:20px\">Unsere Kompetenzen auf diesem Gebiet wurden erneut best\u00e4tigt, auch im Jahr 2017 sind wir wieder durch FOCUS als eine der TOP Kanzleien in Deutschland ausgezeichnet worden (Schwerpunkt Finanz\u00e4mter).<\/p>\n\n\n\n<p><\/p>\n<\/div>\n<\/div>\n<\/div><\/div>\n\n\n\n<div class=\"wp-block-cover alignfull is-light\" style=\"min-height:520px;aspect-ratio:unset;\"><span aria-hidden=\"true\" class=\"wp-block-cover__background has-background-dim-0 has-background-dim\" style=\"background-color:#ececeb\"><\/span><div class=\"wp-block-cover__inner-container is-layout-flow wp-block-cover-is-layout-flow\">\n<div class=\"wp-block-group is-layout-constrained wp-container-core-group-is-layout-4383d167 wp-block-group-is-layout-constrained\">\n<h3 class=\"wp-block-heading\">Unser Leistungsangebot<\/h3>\n\n\n\n<ul class=\"wp-block-list\">\n<li style=\"font-size:22px\">Steuerplanung und Steuerberatung<\/li>\n\n\n\n<li style=\"font-size:22px\">Internationale Steueroptimierung<\/li>\n\n\n\n<li style=\"font-size:22px\">Steuerliche Beratung bei Unternehmensk\u00e4ufen und -verk\u00e4ufen sowie bei Gr\u00fcndung von Unternehmen einschlie\u00dflich Wahl der Unternehmensform<\/li>\n\n\n\n<li style=\"font-size:22px\">Steuerliche Beratung bei Umwandlungen, Umstrukturierungen und Mergers und Acquisitions<\/li>\n\n\n\n<li style=\"font-size:22px\">Steuerliche Gestaltungen<\/li>\n\n\n\n<li style=\"font-size:22px\">Schenkung- und Erbschaftsteuerrecht<\/li>\n\n\n\n<li style=\"font-size:22px\">Erstellung von Steuererkl\u00e4rungen<\/li>\n\n\n\n<li style=\"font-size:22px\">Vertretung und Beratung bei steuerlichen Betriebspr\u00fcfungen<\/li>\n\n\n\n<li style=\"font-size:22px\">Vertretung in gerichtlichen und au\u00dfergerichtlichen Rechtsbehelfsverfahren<\/li>\n\n\n\n<li style=\"font-size:22px\">steuerliche Beratung bei Verm\u00f6gensanlagen<\/li>\n\n\n\n<li style=\"font-size:22px\">Expatriate-Beratung (f\u00fcr entsandte Mitarbeiter deutscher Unternehmen sowie f\u00fcr zeitweilig nach Deutschland entsandte Mitarbeiter ausl\u00e4ndischer Unternehmen)<\/li>\n\n\n\n<li style=\"font-size:22px\">Beratung bei grenz\u00fcberschreitenden Umsatzsteuerfragen<\/li>\n\n\n\n<li style=\"font-size:22px\">Verrechnungspreise im internationalen Konzern (Transfer Pricing)<\/li>\n<\/ul>\n\n\n\n<p class=\"has-text-align-center has-large-font-size\"><\/p>\n<\/div>\n<\/div><\/div>\n\n\n\n<div class=\"wp-block-cover alignfull is-light\" style=\"min-height:374px;aspect-ratio:unset;\"><span aria-hidden=\"true\" class=\"wp-block-cover__background has-background-dim-100 has-background-dim\" style=\"background-color:#ececeb\"><\/span><div class=\"wp-block-cover__inner-container is-layout-flow wp-block-cover-is-layout-flow\">\n<div class=\"wp-block-group is-layout-constrained wp-container-core-group-is-layout-4383d167 wp-block-group-is-layout-constrained\">\n<div style=\"height:14px\" aria-hidden=\"true\" class=\"wp-block-spacer\"><\/div>\n\n\n\n<h3 class=\"wp-block-heading has-text-align-center has-text-color\" style=\"color:#121212\">Unsere Leistungen im \u00dcberblick<\/h3>\n\n\n\n<div style=\"height:0px\" aria-hidden=\"true\" class=\"wp-block-spacer\"><\/div>\n\n\n\n<div class=\"wp-block-group is-content-justification-center is-nowrap is-layout-flex wp-container-core-group-is-layout-23441af8 wp-block-group-is-layout-flex\">\n<figure class=\"wp-block-image size-full has-custom-border\"><a href=\"https:\/\/smp-frankfurt.de\/index.php\/steuerberatung\/\"><img loading=\"lazy\" decoding=\"async\" width=\"225\" height=\"205\" src=\"https:\/\/smp-frankfurt.de\/wp-content\/uploads\/2023\/04\/Button_Steuerbearatung.jpg\" alt=\"Steuerberatung\" class=\"wp-image-181\" style=\"border-radius:24px\"\/><\/a><figcaption class=\"wp-element-caption\"><a href=\"https:\/\/smp-frankfurt.de\/index.php\/steuerberatung\/\" data-type=\"page\" data-id=\"300\">Steuerberatung<\/a><\/figcaption><\/figure>\n\n\n\n<figure class=\"wp-block-image size-full has-custom-border\"><a href=\"https:\/\/smp-frankfurt.de\/index.php\/wirtschaftspruefung\/\"><img loading=\"lazy\" decoding=\"async\" width=\"225\" height=\"205\" src=\"https:\/\/smp-frankfurt.de\/wp-content\/uploads\/2023\/04\/Button_Rechtsberatung.jpg\" alt=\"Wirtschaftspr\u00fcfung\" class=\"wp-image-182\" style=\"border-radius:24px\"\/><\/a><figcaption class=\"wp-element-caption\"><a href=\"https:\/\/smp-frankfurt.de\/index.php\/wirtschaftspruefung\/\" data-type=\"page\" data-id=\"371\">Wirtschaftspr\u00fcfung<\/a><\/figcaption><\/figure>\n\n\n\n<figure class=\"wp-block-image size-full has-custom-border\"><a href=\"https:\/\/smp-frankfurt.de\/index.php\/rechtsberatung\/\"><img loading=\"lazy\" decoding=\"async\" width=\"225\" height=\"205\" src=\"https:\/\/smp-frankfurt.de\/wp-content\/uploads\/2023\/04\/Button_BetrieblicheBeratung.jpg\" alt=\"Rechtsberatung\" class=\"wp-image-180\" style=\"border-radius:24px\"\/><\/a><figcaption class=\"wp-element-caption\"><a href=\"https:\/\/smp-frankfurt.de\/index.php\/rechtsberatung\/\" data-type=\"page\" data-id=\"395\">Rechtsberatung<\/a><\/figcaption><\/figure>\n\n\n\n<figure class=\"wp-block-image size-full has-custom-border\"><a href=\"https:\/\/smp-frankfurt.de\/index.php\/betriebliche-beratung\/\"><img loading=\"lazy\" decoding=\"async\" width=\"225\" height=\"205\" src=\"https:\/\/smp-frankfurt.de\/wp-content\/uploads\/2023\/04\/Button_Wirtschaftspruefung.jpg\" alt=\"Betriebliche Beratung\" class=\"wp-image-183\" style=\"border-radius:24px\"\/><\/a><figcaption class=\"wp-element-caption\"><a href=\"https:\/\/smp-frankfurt.de\/index.php\/betriebliche-beratung\/\" data-type=\"page\" data-id=\"397\">Betriebliche Beratung<\/a><\/figcaption><\/figure>\n<\/div>\n\n\n\n<div style=\"height:5px\" aria-hidden=\"true\" class=\"wp-block-spacer\"><\/div>\n<\/div>\n<\/div><\/div>\n","protected":false},"excerpt":{"rendered":"","protected":false},"author":1,"featured_media":0,"parent":0,"menu_order":0,"comment_status":"closed","ping_status":"closed","template":"","meta":{"footnotes":""},"class_list":["post-300","page","type-page","status-publish","hentry"],"_links":{"self":[{"href":"https:\/\/www.smp-frankfurt.de\/index.php\/wp-json\/wp\/v2\/pages\/300","targetHints":{"allow":["GET"]}}],"collection":[{"href":"https:\/\/www.smp-frankfurt.de\/index.php\/wp-json\/wp\/v2\/pages"}],"about":[{"href":"https:\/\/www.smp-frankfurt.de\/index.php\/wp-json\/wp\/v2\/types\/page"}],"author":[{"embeddable":true,"href":"https:\/\/www.smp-frankfurt.de\/index.php\/wp-json\/wp\/v2\/users\/1"}],"replies":[{"embeddable":true,"href":"https:\/\/www.smp-frankfurt.de\/index.php\/wp-json\/wp\/v2\/comments?post=300"}],"version-history":[{"count":58,"href":"https:\/\/www.smp-frankfurt.de\/index.php\/wp-json\/wp\/v2\/pages\/300\/revisions"}],"predecessor-version":[{"id":876,"href":"https:\/\/www.smp-frankfurt.de\/index.php\/wp-json\/wp\/v2\/pages\/300\/revisions\/876"}],"wp:attachment":[{"href":"https:\/\/www.smp-frankfurt.de\/index.php\/wp-json\/wp\/v2\/media?parent=300"}],"curies":[{"name":"wp","href":"https:\/\/api.w.org\/{rel}","templated":true}]}}