{"id":371,"date":"2023-04-07T11:33:59","date_gmt":"2023-04-07T11:33:59","guid":{"rendered":"https:\/\/wp.warp-factory.de\/?page_id=371"},"modified":"2023-05-09T10:54:17","modified_gmt":"2023-05-09T10:54:17","slug":"wirtschaftspruefung","status":"publish","type":"page","link":"https:\/\/www.smp-frankfurt.de\/index.php\/wirtschaftspruefung\/","title":{"rendered":"Wirtschaftspr\u00fcfung"},"content":{"rendered":"\n<div class=\"wp-block-cover alignfull is-light\" style=\"min-height:520px;aspect-ratio:unset;\"><span aria-hidden=\"true\" class=\"wp-block-cover__background has-background-dim-100 has-background-dim\" style=\"background-color:#eef0ed\"><\/span><div class=\"wp-block-cover__inner-container is-layout-flow wp-block-cover-is-layout-flow\">\n<div class=\"wp-block-group is-layout-constrained wp-container-core-group-is-layout-4383d167 wp-block-group-is-layout-constrained\">\n<div class=\"wp-block-columns is-layout-flex wp-container-core-columns-is-layout-d7d455e7 wp-block-columns-is-layout-flex\" style=\"padding-top:0;padding-right:0;padding-bottom:0;padding-left:0\">\n<div class=\"wp-block-column is-layout-flow wp-block-column-is-layout-flow\" style=\"flex-basis:66%\">\n<div class=\"wp-block-group is-layout-flow wp-block-group-is-layout-flow\">\n<div class=\"wp-block-group is-layout-flow wp-block-group-is-layout-flow\">\n<div style=\"height:1px\" aria-hidden=\"true\" class=\"wp-block-spacer\"><\/div>\n\n\n\n<h3 class=\"wp-block-heading has-foreground-color has-text-color\">Wirtschaftspr\u00fcfung<\/h3>\n\n\n\n<p style=\"font-size:20px\">Die Pr\u00fcfung von Jahres- oder Konzernabschl\u00fcssen besteht nicht lediglich darin, Zahlenkolonnen mit Haken zu versehen. Wirtschaftspr\u00fcfung muss mehr leisten:<\/p>\n\n\n\n<p style=\"font-size:20px\">Durch unseren hohen Qualit\u00e4tsstandard und unsere qualifizierten Teams k\u00f6nnen wir Ihnen alle Leistungen rund um das Thema Wirtschaftspr\u00fcfung bieten. Dar\u00fcber hinaus profitieren Sie von unserer jahrzehntelangen Erfahrung. Im Rahmen unserer Philosophie der Beratung aus einer Hand leiten wir aus den Ergebnissen der Jahresabschlusspr\u00fcfung f\u00fcr Sie vorteilhafte steuerliche und betriebswirtschaftliche Beratungsempfehlungen ab.<\/p>\n\n\n\n<p style=\"font-size:20px\">Nicht zuletzt aus diesem Grund sind wir durch FOCUS auch im Jahr 2017 erneut als eine der TOP Kanzleien in Deutschland ausgezeichnet worden (Schwerpunkt Wirtschaftspr\u00fcfung).<\/p>\n<\/div>\n\n\n\n<div class=\"wp-block-group is-layout-flow wp-block-group-is-layout-flow\">\n<div style=\"height:1px\" aria-hidden=\"true\" class=\"wp-block-spacer\"><\/div>\n<\/div>\n<\/div>\n<\/div>\n\n\n\n<div class=\"wp-block-column is-layout-flow wp-block-column-is-layout-flow\" style=\"flex-basis:33%\">\n<div style=\"height:77px\" aria-hidden=\"true\" class=\"wp-block-spacer\"><\/div>\n\n\n\n<figure class=\"wp-block-image size-full has-custom-border\"><img loading=\"lazy\" decoding=\"async\" width=\"400\" height=\"263\" src=\"https:\/\/smp-frankfurt.de\/wp-content\/uploads\/2023\/04\/wirtschaftspruefung_1.jpg\" alt=\"\" class=\"wp-image-377\" style=\"border-radius:25px\" srcset=\"https:\/\/www.smp-frankfurt.de\/wp-content\/uploads\/2023\/04\/wirtschaftspruefung_1.jpg 400w, https:\/\/www.smp-frankfurt.de\/wp-content\/uploads\/2023\/04\/wirtschaftspruefung_1-300x197.jpg 300w\" sizes=\"auto, (max-width: 400px) 100vw, 400px\" \/><\/figure>\n<\/div>\n<\/div>\n<\/div>\n\n\n\n<div class=\"wp-block-group is-layout-constrained wp-container-core-group-is-layout-4383d167 wp-block-group-is-layout-constrained\">\n<hr class=\"wp-block-separator has-alpha-channel-opacity is-style-wide\"\/>\n\n\n\n<div class=\"wp-block-columns is-layout-flex wp-container-core-columns-is-layout-28f84493 wp-block-columns-is-layout-flex\">\n<div class=\"wp-block-column is-layout-flow wp-block-column-is-layout-flow\" style=\"flex-basis:33.33%\">\n<figure class=\"wp-block-image size-full has-custom-border\"><img loading=\"lazy\" decoding=\"async\" width=\"400\" height=\"263\" src=\"https:\/\/smp-frankfurt.de\/wp-content\/uploads\/2023\/04\/rechtsberatung_2.jpg\" alt=\"\" class=\"wp-image-378\" style=\"border-radius:25px\" srcset=\"https:\/\/www.smp-frankfurt.de\/wp-content\/uploads\/2023\/04\/rechtsberatung_2.jpg 400w, https:\/\/www.smp-frankfurt.de\/wp-content\/uploads\/2023\/04\/rechtsberatung_2-300x197.jpg 300w\" sizes=\"auto, (max-width: 400px) 100vw, 400px\" \/><\/figure>\n<\/div>\n\n\n\n<div class=\"wp-block-column is-layout-flow wp-block-column-is-layout-flow\" style=\"flex-basis:66.66%\">\n<p style=\"font-size:20px\">Auch der Pr\u00fcfer muss Berater sein. Profitieren Sie von unseren Kompetenzen auf den Gebieten der Rechnungslegung, Unternehmensbewertung, Gutachtert\u00e4tigkeit und der finanzwirtschaftlichen Expertise. Unsere F\u00e4higkeit, die Beratungsperspektive mit den Augen eines Abschlusspr\u00fcfers zu verkn\u00fcpfen, stellt gerade Ihren Vorteil dar.<\/p>\n<\/div>\n<\/div>\n\n\n\n<p class=\"has-text-align-center has-large-font-size\"><\/p>\n\n\n\n<div class=\"wp-block-group is-layout-constrained wp-container-core-group-is-layout-4383d167 wp-block-group-is-layout-constrained\">\n<hr class=\"wp-block-separator has-alpha-channel-opacity is-style-wide\"\/>\n\n\n\n<p style=\"font-size:20px\">Als CPA (Certified Public Accountant) deckt unsere Pr\u00fcfungs- und Beratungskompetenz nicht nur die handelsrechtliche und IFRS Perspektive ab. Vielmehr haben wir auch Kenntnisse von US-amerikanischen Rechnungslegungsgrunds\u00e4tzen (US-GAAP). Dies unterstreicht nochmals unsere internationale Fokussierung.<\/p>\n\n\n\n<p><\/p>\n<\/div>\n<\/div>\n<\/div><\/div>\n\n\n\n<div class=\"wp-block-cover alignfull is-light\" style=\"min-height:520px;aspect-ratio:unset;\"><span aria-hidden=\"true\" class=\"wp-block-cover__background has-background-dim-0 has-background-dim\" style=\"background-color:#eef0ed\"><\/span><div class=\"wp-block-cover__inner-container is-layout-flow wp-block-cover-is-layout-flow\">\n<div class=\"wp-block-group is-layout-constrained wp-container-core-group-is-layout-4383d167 wp-block-group-is-layout-constrained\">\n<div class=\"wp-block-columns is-layout-flex wp-container-core-columns-is-layout-d7d455e7 wp-block-columns-is-layout-flex\" style=\"padding-top:0;padding-right:0;padding-bottom:0;padding-left:0\">\n<div class=\"wp-block-column is-layout-flow wp-block-column-is-layout-flow\" style=\"flex-basis:50%\">\n<div class=\"wp-block-group is-layout-flow wp-block-group-is-layout-flow\">\n<div style=\"height:1px\" aria-hidden=\"true\" class=\"wp-block-spacer\"><\/div>\n\n\n\n<div style=\"height:26px\" aria-hidden=\"true\" class=\"wp-block-spacer\"><\/div>\n\n\n\n<h3 class=\"wp-block-heading has-foreground-color has-text-color\">Unser Leistungsangebot im Rahmen unseres Fokus:<\/h3>\n\n\n\n<ul class=\"wp-block-list\">\n<li>Jahresabschlusspr\u00fcfungen<\/li>\n\n\n\n<li>Konzernabschlusspr\u00fcfungen nach HGB, IFRS und US-GAAP<\/li>\n\n\n\n<li>Due-Diligence-Pr\u00fcfungen<\/li>\n\n\n\n<li>Unternehmensbewertungen<\/li>\n\n\n\n<li>Pr\u00fcfungen im Zusammenhang mit Gr\u00fcndung, Erwerb, Ver\u00e4u\u00dferung und Umwandlung von Unternehmen und Beteiligungen<\/li>\n\n\n\n<li>Sonderpr\u00fcfungen<\/li>\n\n\n\n<li>Wirtschaftliche Beratung in allen bilanziellen Fragen<\/li>\n<\/ul>\n<\/div>\n<\/div>\n\n\n\n<div class=\"wp-block-column is-layout-flow wp-block-column-is-layout-flow\" style=\"flex-basis:50%\">\n<div class=\"wp-block-group is-layout-flow wp-block-group-is-layout-flow\">\n<div style=\"height:1px\" aria-hidden=\"true\" class=\"wp-block-spacer\"><\/div>\n\n\n\n<h3 class=\"wp-block-heading has-foreground-color has-text-color\">Weitere Leistungsangebote erbringen wir selbstverst\u00e4ndlich ebenfalls:<\/h3>\n\n\n\n<ul class=\"wp-block-list\">\n<li>Umstellung der Rechnungslegung auf die Bilanzierung nach IFRS Grunds\u00e4tzen<\/li>\n\n\n\n<li>Rating<\/li>\n\n\n\n<li>Peer Review<\/li>\n\n\n\n<li>Unterschlagungspr\u00fcfungen<\/li>\n\n\n\n<li>Risikomanagement \u2013 (Einrichtung und Pr\u00fcfung)<\/li>\n\n\n\n<li>Interne Revision<\/li>\n<\/ul>\n\n\n\n<div class=\"wp-block-group is-layout-flow wp-block-group-is-layout-flow\">\n<div style=\"height:1px\" aria-hidden=\"true\" class=\"wp-block-spacer\"><\/div>\n<\/div>\n<\/div>\n<\/div>\n<\/div>\n<\/div>\n\n\n\n<div style=\"height:63px\" aria-hidden=\"true\" class=\"wp-block-spacer\"><\/div>\n\n\n\n<div class=\"wp-block-group is-layout-constrained wp-container-core-group-is-layout-4383d167 wp-block-group-is-layout-constrained\"><\/div>\n<\/div><\/div>\n\n\n\n<div class=\"wp-block-cover alignfull is-light\" style=\"min-height:374px;aspect-ratio:unset;\"><span aria-hidden=\"true\" class=\"wp-block-cover__background has-background-dim-100 has-background-dim\" style=\"background-color:#ececeb\"><\/span><div class=\"wp-block-cover__inner-container is-layout-flow wp-block-cover-is-layout-flow\">\n<div class=\"wp-block-group is-layout-constrained wp-container-core-group-is-layout-4383d167 wp-block-group-is-layout-constrained\">\n<div style=\"height:14px\" aria-hidden=\"true\" class=\"wp-block-spacer\"><\/div>\n\n\n\n<h3 class=\"wp-block-heading has-text-align-center has-text-color\" style=\"color:#121212\">Unsere Leistungen im \u00dcberblick<\/h3>\n\n\n\n<div style=\"height:0px\" aria-hidden=\"true\" class=\"wp-block-spacer\"><\/div>\n\n\n\n<div class=\"wp-block-group is-content-justification-center is-nowrap is-layout-flex wp-container-core-group-is-layout-23441af8 wp-block-group-is-layout-flex\">\n<figure class=\"wp-block-image size-full has-custom-border\"><a href=\"https:\/\/smp-frankfurt.de\/index.php\/steuerberatung\/\"><img loading=\"lazy\" decoding=\"async\" width=\"225\" height=\"205\" src=\"https:\/\/smp-frankfurt.de\/wp-content\/uploads\/2023\/04\/Button_Steuerbearatung.jpg\" alt=\"Steuerberatung\" class=\"wp-image-181\" style=\"border-radius:24px\"\/><\/a><figcaption class=\"wp-element-caption\"><a href=\"https:\/\/smp-frankfurt.de\/index.php\/steuerberatung\/\" data-type=\"page\" data-id=\"300\">Steuerberatung<\/a><\/figcaption><\/figure>\n\n\n\n<figure class=\"wp-block-image size-full has-custom-border\"><a href=\"https:\/\/smp-frankfurt.de\/index.php\/wirtschaftspruefung\/\"><img loading=\"lazy\" decoding=\"async\" width=\"225\" height=\"205\" src=\"https:\/\/smp-frankfurt.de\/wp-content\/uploads\/2023\/04\/Button_Rechtsberatung.jpg\" alt=\"Wirtschaftspr\u00fcfung\" class=\"wp-image-182\" style=\"border-radius:24px\"\/><\/a><figcaption class=\"wp-element-caption\"><a href=\"https:\/\/smp-frankfurt.de\/index.php\/wirtschaftspruefung\/\" data-type=\"page\" data-id=\"371\">Wirtschaftspr\u00fcfung<\/a><\/figcaption><\/figure>\n\n\n\n<figure class=\"wp-block-image size-full has-custom-border\"><a href=\"https:\/\/smp-frankfurt.de\/index.php\/rechtsberatung\/\"><img loading=\"lazy\" decoding=\"async\" width=\"225\" height=\"205\" src=\"https:\/\/smp-frankfurt.de\/wp-content\/uploads\/2023\/04\/Button_BetrieblicheBeratung.jpg\" alt=\"Rechtsberatung\" class=\"wp-image-180\" style=\"border-radius:24px\"\/><\/a><figcaption class=\"wp-element-caption\"><a href=\"https:\/\/smp-frankfurt.de\/index.php\/rechtsberatung\/\" data-type=\"page\" data-id=\"395\">Rechtsberatung<\/a><\/figcaption><\/figure>\n\n\n\n<figure class=\"wp-block-image size-full has-custom-border\"><a href=\"https:\/\/smp-frankfurt.de\/index.php\/betriebliche-beratung\/\"><img loading=\"lazy\" decoding=\"async\" width=\"225\" height=\"205\" src=\"https:\/\/smp-frankfurt.de\/wp-content\/uploads\/2023\/04\/Button_Wirtschaftspruefung.jpg\" alt=\"Betriebliche Beratung\" class=\"wp-image-183\" style=\"border-radius:24px\"\/><\/a><figcaption class=\"wp-element-caption\"><a href=\"https:\/\/smp-frankfurt.de\/index.php\/betriebliche-beratung\/\" data-type=\"page\" data-id=\"397\">Betriebliche Beratung<\/a><\/figcaption><\/figure>\n<\/div>\n\n\n\n<div style=\"height:5px\" aria-hidden=\"true\" class=\"wp-block-spacer\"><\/div>\n<\/div>\n<\/div><\/div>\n","protected":false},"excerpt":{"rendered":"","protected":false},"author":1,"featured_media":0,"parent":0,"menu_order":0,"comment_status":"closed","ping_status":"closed","template":"","meta":{"footnotes":""},"class_list":["post-371","page","type-page","status-publish","hentry"],"_links":{"self":[{"href":"https:\/\/www.smp-frankfurt.de\/index.php\/wp-json\/wp\/v2\/pages\/371","targetHints":{"allow":["GET"]}}],"collection":[{"href":"https:\/\/www.smp-frankfurt.de\/index.php\/wp-json\/wp\/v2\/pages"}],"about":[{"href":"https:\/\/www.smp-frankfurt.de\/index.php\/wp-json\/wp\/v2\/types\/page"}],"author":[{"embeddable":true,"href":"https:\/\/www.smp-frankfurt.de\/index.php\/wp-json\/wp\/v2\/users\/1"}],"replies":[{"embeddable":true,"href":"https:\/\/www.smp-frankfurt.de\/index.php\/wp-json\/wp\/v2\/comments?post=371"}],"version-history":[{"count":22,"href":"https:\/\/www.smp-frankfurt.de\/index.php\/wp-json\/wp\/v2\/pages\/371\/revisions"}],"predecessor-version":[{"id":877,"href":"https:\/\/www.smp-frankfurt.de\/index.php\/wp-json\/wp\/v2\/pages\/371\/revisions\/877"}],"wp:attachment":[{"href":"https:\/\/www.smp-frankfurt.de\/index.php\/wp-json\/wp\/v2\/media?parent=371"}],"curies":[{"name":"wp","href":"https:\/\/api.w.org\/{rel}","templated":true}]}}