{"id":395,"date":"2023-04-07T12:22:27","date_gmt":"2023-04-07T12:22:27","guid":{"rendered":"https:\/\/wp.warp-factory.de\/?page_id=395"},"modified":"2023-05-08T19:14:35","modified_gmt":"2023-05-08T19:14:35","slug":"rechtsberatung","status":"publish","type":"page","link":"https:\/\/www.smp-frankfurt.de\/index.php\/rechtsberatung\/","title":{"rendered":"Rechtsberatung"},"content":{"rendered":"\n<div class=\"wp-block-cover alignfull is-light\" style=\"min-height:520px;aspect-ratio:unset;\"><span aria-hidden=\"true\" class=\"wp-block-cover__background has-background-dim-100 has-background-dim\" style=\"background-color:#eef0ed\"><\/span><div class=\"wp-block-cover__inner-container is-layout-flow wp-block-cover-is-layout-flow\">\n<div class=\"wp-block-group is-layout-constrained wp-container-core-group-is-layout-4383d167 wp-block-group-is-layout-constrained\">\n<div class=\"wp-block-columns is-layout-flex wp-container-core-columns-is-layout-d7d455e7 wp-block-columns-is-layout-flex\" style=\"padding-top:0;padding-right:0;padding-bottom:0;padding-left:0\">\n<div class=\"wp-block-column is-layout-flow wp-block-column-is-layout-flow\" style=\"flex-basis:66%\">\n<div class=\"wp-block-group is-layout-flow wp-block-group-is-layout-flow\">\n<div class=\"wp-block-group is-layout-flow wp-block-group-is-layout-flow\">\n<div style=\"height:1px\" aria-hidden=\"true\" class=\"wp-block-spacer\"><\/div>\n\n\n\n<h3 class=\"wp-block-heading has-foreground-color has-text-color\">Rechtsberatung<\/h3>\n\n\n\n<p style=\"font-size:20px\">Bei der F\u00fchrung eines Unternehmens kommen Sie sowohl auf operativer als auch auf organisatorischer Ebene regelm\u00e4\u00dfig mit wirtschaftsrechtlichen Fragen in Ber\u00fchrung. Bei der Bew\u00e4ltigung dieser Fragestellungen f\u00fcr unsere Mandanten liegt die Besonderheit unserer Rechtsberatungsleistungen in der Kombination und dem Abgleich mit den aus einer gleichzeitigen steuerlichen bzw. wirtschaftlichen Beratung gewonnenen Erkenntnissen.<\/p>\n<\/div>\n\n\n\n<div style=\"height:26px\" aria-hidden=\"true\" class=\"wp-block-spacer\"><\/div>\n\n\n\n<div class=\"wp-block-group is-layout-flow wp-block-group-is-layout-flow\">\n<div style=\"height:1px\" aria-hidden=\"true\" class=\"wp-block-spacer\"><\/div>\n<\/div>\n<\/div>\n<\/div>\n\n\n\n<div class=\"wp-block-column is-layout-flow wp-block-column-is-layout-flow\" style=\"flex-basis:33%\">\n<div style=\"height:77px\" aria-hidden=\"true\" class=\"wp-block-spacer\"><\/div>\n\n\n\n<figure class=\"wp-block-image size-full has-custom-border\"><img loading=\"lazy\" decoding=\"async\" width=\"400\" height=\"263\" src=\"https:\/\/smp-frankfurt.de\/wp-content\/uploads\/2023\/04\/rechtsberatung_1.jpg\" alt=\"\" class=\"wp-image-408\" style=\"border-radius:25px\" srcset=\"https:\/\/www.smp-frankfurt.de\/wp-content\/uploads\/2023\/04\/rechtsberatung_1.jpg 400w, https:\/\/www.smp-frankfurt.de\/wp-content\/uploads\/2023\/04\/rechtsberatung_1-300x197.jpg 300w\" sizes=\"auto, (max-width: 400px) 100vw, 400px\" \/><\/figure>\n<\/div>\n<\/div>\n<\/div>\n\n\n\n<div class=\"wp-block-group is-layout-constrained wp-container-core-group-is-layout-4383d167 wp-block-group-is-layout-constrained\">\n<hr class=\"wp-block-separator has-alpha-channel-opacity is-style-wide\"\/>\n\n\n\n<div class=\"wp-block-columns is-layout-flex wp-container-core-columns-is-layout-28f84493 wp-block-columns-is-layout-flex\">\n<div class=\"wp-block-column is-layout-flow wp-block-column-is-layout-flow\" style=\"flex-basis:33.33%\">\n<figure class=\"wp-block-image size-full has-custom-border\"><img loading=\"lazy\" decoding=\"async\" width=\"400\" height=\"263\" src=\"https:\/\/smp-frankfurt.de\/wp-content\/uploads\/2023\/04\/wirtschaftspruefung_2.jpg\" alt=\"\" class=\"wp-image-409\" style=\"border-radius:25px\" srcset=\"https:\/\/www.smp-frankfurt.de\/wp-content\/uploads\/2023\/04\/wirtschaftspruefung_2.jpg 400w, https:\/\/www.smp-frankfurt.de\/wp-content\/uploads\/2023\/04\/wirtschaftspruefung_2-300x197.jpg 300w\" sizes=\"auto, (max-width: 400px) 100vw, 400px\" \/><\/figure>\n<\/div>\n\n\n\n<div class=\"wp-block-column is-layout-flow wp-block-column-is-layout-flow\" style=\"flex-basis:66.66%\">\n<p style=\"font-size:20px\">Unsere im wirtschaftsrechtlichen Bereich spezialisierten Rechtsanw\u00e4lte unterst\u00fctzen Sie hierbei umfassend und haben dabei jeweils auch steuerliche Aspekte im Blick.<\/p>\n\n\n\n<p style=\"font-size:20px\">Wir bieten Ihnen so eine vertrauensvolle und hochwertige Beratung sowohl in Einzelf\u00e4llen, wie bspw. M&amp;A-Transaktionen oder Umstrukturierungen, als auch bei der stetigen rechtlichen Begleitung, bei der wir Ihnen im laufenden Gesch\u00e4ftsbetrieb jederzeit auch kurzfristig zur Seite stehen.<\/p>\n\n\n\n<p style=\"font-size:20px\">Auch im Jahr 2017 sind wir wieder durch FOCUS als eine der TOP Kanzleien in Deutschland ausgezeichnet worden (Schwerpunkt Umwandlung, Umstrukturierungen und M&amp;A).<\/p>\n<\/div>\n<\/div>\n\n\n\n<p class=\"has-text-align-center has-large-font-size\"><\/p>\n\n\n\n<div class=\"wp-block-group is-layout-constrained wp-container-core-group-is-layout-4383d167 wp-block-group-is-layout-constrained\">\n<hr class=\"wp-block-separator has-alpha-channel-opacity is-style-wide\"\/>\n\n\n\n<p style=\"font-size:20px\">Unser Fokus liegt dabei im operativen Bereich auf der individuellen Vertragsgestaltung, die die rechtssichere Basis f\u00fcr Ihre unternehmerische T\u00e4tigkeit bietet und mit der bereits im Vorfeld zeitraubenden gerichtlichen Auseinandersetzungen aus dem Weg gegangen werden soll. Selbstverst\u00e4ndlich vertreten wir Sie aber auch bei der effektiven Durchsetzung Ihrer Anspr\u00fcche.<\/p>\n\n\n\n<p style=\"font-size:20px\">Im organisatorischen \/ gesellschaftsrechtlichen Bereich bieten wir Ihnen unter Ber\u00fccksichtigung Ihrer wirtschaftlichen und steuerlichen Situation entwickelte individuelle L\u00f6sungen, zum Beispiel bei der Gr\u00fcndung des Unternehmens (Start-ups), gesellschaftsrechtlichen Umstrukturierungen, auch im Zusammenhang mit erbrechtlichen Nachfolgeregelungen oder bei der Vorbereitung und Durchf\u00fchrung von Haupt- oder Gesellschafterversammlungen.<\/p>\n\n\n\n<div style=\"height:30px\" aria-hidden=\"true\" class=\"wp-block-spacer\"><\/div>\n<\/div>\n<\/div>\n<\/div><\/div>\n\n\n\n<div class=\"wp-block-cover alignfull is-light\" style=\"min-height:284px;aspect-ratio:unset;\"><span aria-hidden=\"true\" class=\"wp-block-cover__background has-background-background-color has-background-dim-100 has-background-dim\"><\/span><div class=\"wp-block-cover__inner-container is-layout-flow wp-block-cover-is-layout-flow\">\n<div class=\"wp-block-group is-layout-constrained wp-container-core-group-is-layout-4383d167 wp-block-group-is-layout-constrained\">\n<h3 class=\"wp-block-heading\">Unsere Rechtsberatung im \u00dcberblick<\/h3>\n\n\n\n<details>\n<summary><strong>Handelsrecht<\/strong><\/summary>\n<ul>\n<li>Gestaltung von Vertr\u00e4gen sowohl individuell als auch im Rahmen und Allgemeinen Gesch\u00e4ftsbedingungen, bspw. Liefer-, Dienst oder Kaufvertr\u00e4ge etc.<\/li>\n<li>Beratung bei der Durchsetzung und Verteidigung der Rechte unserer Mandanten im Gesch\u00e4ftsverkehr sowie im Zusammenhang mit Haftungsfragen der Gesch\u00e4ftsf\u00fchrungsorgane<\/li>\n<li>Beratung zu Compliance<\/li>\n<\/ul>\n<\/details>\n<details>\n<summary><strong>Gesellschaftsrecht<\/strong><\/summary>\n<ul>\n<li>Beratung im Aktien-, GmbH- und Personenhandelsgesellschaftsrecht<\/li>\n<li>Beratung mittelst\u00e4ndischer und b\u00f6rsennotierter Gesellschaften zu allen Fragen des Gesellschaftsrechts, insbesondere bei der Gr\u00fcndung von Gesellschaften, Vorbereitung und Durchf\u00fchrung von Hauptversammlungen, Vertretung in Anfechtungsklagen oder anderen streitigen Auseinandersetzungen von Gesellschaftern<\/li>\n<\/ul>\n<\/details>\n<details>\n<summary><strong>Mergers &amp; Acquisitions<\/strong><\/summary>\n<ul>\n<li>Beratung beim An- und Verkauf von Unternehmen oder Unternehmensteilen einschlie\u00dflich vorangehender Due Diligencepr\u00fcfungen<\/li>\n<\/ul>\n<\/details>\n<details>\n<summary><strong>Restrukturierungen<\/strong><\/summary>\n<ul>\n<li>Beratung bei der Restrukturierung Unternehmen insbesondere bei Nachfolgeregelungen f\u00fcr Familienunternehmen oder der Vereinbarung von Beteiligungsm\u00f6glichkeiten bspw. im Zusammenhang mit Mitarbeiterbeteiligungsmodellen<\/li>\n<li>Verschmelzungen, Formwechseln oder sonstige Umwandlungen<\/li>\n<\/ul>\n<\/details>\n<details>\n<summary><strong>Kapitalmarktrecht<\/strong><\/summary>\n<ul>\n<li>Beratung im Zusammenhang mit der Kapitalbeschaffung im Kapitalmarkt<\/li>\n<li>Beantwortung von Spezialfragen im Zusammenhang mit besonderen Kapitalmarktregularien wie bspw. WpHG, Wp\u00dcG oder dem Deutschen Corporate Governance Kodex<\/li>\n<\/ul>\n<\/details>\n<details>\n<summary><strong>Arbeitsrecht<\/strong><\/summary>\n<ul>\n<li>Beratung zu Rechtsfragen im Zusammenhang mit der Anbahnung, Durchf\u00fchrung und der Beendigung von Arbeitsverh\u00e4ltnissen<\/li>\n<li>Beratung bei Arbeitnehmerbeteiligungsmodellen<\/li>\n<\/ul>\n<\/details>\n<details>\n<summary><strong>Gewerblicher Rechtsschutz \/ IT-Recht<\/strong><\/summary>\n<ul>\n<li>Beratung zu Fragen des geistigen Eigentums und zum Schutz und der Durchsetzung von Urheberrechten<\/li>\n<li>Durchf\u00fchrung von Markenanmeldungen oder \u00e4hnlicher Schutzrechte sowie deren Durchsetzung und Verteidigung gegen\u00fcber Dritten<\/li>\n<li>Durchf\u00fchrung von Markenanmeldungen oder \u00e4hnlicher Schutzrechte sowie deren Durchsetzung und Verteidigung gegen\u00fcber Dritten<\/li>\n<\/ul>\n<\/details>\n<\/div>\n<\/div><\/div>\n\n\n\n<div class=\"wp-block-cover alignfull is-light\" style=\"min-height:374px;aspect-ratio:unset;\"><span aria-hidden=\"true\" class=\"wp-block-cover__background has-background-dim-100 has-background-dim\" style=\"background-color:#ececeb\"><\/span><div class=\"wp-block-cover__inner-container is-layout-flow wp-block-cover-is-layout-flow\">\n<div class=\"wp-block-group is-layout-constrained wp-container-core-group-is-layout-4383d167 wp-block-group-is-layout-constrained\">\n<div style=\"height:14px\" aria-hidden=\"true\" class=\"wp-block-spacer\"><\/div>\n\n\n\n<h3 class=\"wp-block-heading has-text-align-center has-text-color\" style=\"color:#121212\">Unsere Leistungen im \u00dcberblick<\/h3>\n\n\n\n<div style=\"height:0px\" aria-hidden=\"true\" class=\"wp-block-spacer\"><\/div>\n\n\n\n<div class=\"wp-block-group is-content-justification-center is-nowrap is-layout-flex wp-container-core-group-is-layout-23441af8 wp-block-group-is-layout-flex\">\n<figure class=\"wp-block-image size-full has-custom-border\"><a href=\"https:\/\/smp-frankfurt.de\/index.php\/steuerberatung\/\"><img loading=\"lazy\" decoding=\"async\" width=\"225\" height=\"205\" src=\"https:\/\/smp-frankfurt.de\/wp-content\/uploads\/2023\/04\/Button_Steuerbearatung.jpg\" alt=\"Steuerberatung\" class=\"wp-image-181\" style=\"border-radius:24px\"\/><\/a><figcaption class=\"wp-element-caption\"><a href=\"https:\/\/smp-frankfurt.de\/index.php\/steuerberatung\/\" data-type=\"page\" data-id=\"300\">Steuerberatung<\/a><\/figcaption><\/figure>\n\n\n\n<figure class=\"wp-block-image size-full has-custom-border\"><a href=\"https:\/\/smp-frankfurt.de\/index.php\/wirtschaftspruefung\/\"><img loading=\"lazy\" decoding=\"async\" width=\"225\" height=\"205\" src=\"https:\/\/smp-frankfurt.de\/wp-content\/uploads\/2023\/04\/Button_Rechtsberatung.jpg\" alt=\"Wirtschaftspr\u00fcfung\" class=\"wp-image-182\" style=\"border-radius:24px\"\/><\/a><figcaption class=\"wp-element-caption\"><a href=\"https:\/\/smp-frankfurt.de\/index.php\/wirtschaftspruefung\/\" data-type=\"page\" data-id=\"371\">Wirtschaftspr\u00fcfung<\/a><\/figcaption><\/figure>\n\n\n\n<figure class=\"wp-block-image size-full has-custom-border\"><a href=\"https:\/\/smp-frankfurt.de\/index.php\/rechtsberatung\/\"><img loading=\"lazy\" decoding=\"async\" width=\"225\" height=\"205\" src=\"https:\/\/smp-frankfurt.de\/wp-content\/uploads\/2023\/04\/Button_BetrieblicheBeratung.jpg\" alt=\"Rechtsberatung\" class=\"wp-image-180\" style=\"border-radius:24px\"\/><\/a><figcaption class=\"wp-element-caption\"><a href=\"https:\/\/smp-frankfurt.de\/index.php\/rechtsberatung\/\" data-type=\"page\" data-id=\"395\">Rechtsberatung<\/a><\/figcaption><\/figure>\n\n\n\n<figure class=\"wp-block-image size-full has-custom-border\"><a href=\"https:\/\/smp-frankfurt.de\/index.php\/betriebliche-beratung\/\"><img loading=\"lazy\" decoding=\"async\" width=\"225\" height=\"205\" src=\"https:\/\/smp-frankfurt.de\/wp-content\/uploads\/2023\/04\/Button_Wirtschaftspruefung.jpg\" alt=\"Betriebliche Beratung\" class=\"wp-image-183\" style=\"border-radius:24px\"\/><\/a><figcaption class=\"wp-element-caption\"><a href=\"https:\/\/smp-frankfurt.de\/index.php\/betriebliche-beratung\/\" data-type=\"page\" data-id=\"397\">Betriebliche Beratung<\/a><\/figcaption><\/figure>\n<\/div>\n\n\n\n<div style=\"height:5px\" aria-hidden=\"true\" class=\"wp-block-spacer\"><\/div>\n<\/div>\n<\/div><\/div>\n","protected":false},"excerpt":{"rendered":"","protected":false},"author":1,"featured_media":0,"parent":0,"menu_order":0,"comment_status":"closed","ping_status":"closed","template":"","meta":{"footnotes":""},"class_list":["post-395","page","type-page","status-publish","hentry"],"_links":{"self":[{"href":"https:\/\/www.smp-frankfurt.de\/index.php\/wp-json\/wp\/v2\/pages\/395","targetHints":{"allow":["GET"]}}],"collection":[{"href":"https:\/\/www.smp-frankfurt.de\/index.php\/wp-json\/wp\/v2\/pages"}],"about":[{"href":"https:\/\/www.smp-frankfurt.de\/index.php\/wp-json\/wp\/v2\/types\/page"}],"author":[{"embeddable":true,"href":"https:\/\/www.smp-frankfurt.de\/index.php\/wp-json\/wp\/v2\/users\/1"}],"replies":[{"embeddable":true,"href":"https:\/\/www.smp-frankfurt.de\/index.php\/wp-json\/wp\/v2\/comments?post=395"}],"version-history":[{"count":22,"href":"https:\/\/www.smp-frankfurt.de\/index.php\/wp-json\/wp\/v2\/pages\/395\/revisions"}],"predecessor-version":[{"id":788,"href":"https:\/\/www.smp-frankfurt.de\/index.php\/wp-json\/wp\/v2\/pages\/395\/revisions\/788"}],"wp:attachment":[{"href":"https:\/\/www.smp-frankfurt.de\/index.php\/wp-json\/wp\/v2\/media?parent=395"}],"curies":[{"name":"wp","href":"https:\/\/api.w.org\/{rel}","templated":true}]}}