{"id":397,"date":"2023-04-07T12:22:56","date_gmt":"2023-04-07T12:22:56","guid":{"rendered":"https:\/\/wp.warp-factory.de\/?page_id=397"},"modified":"2023-05-08T18:05:22","modified_gmt":"2023-05-08T18:05:22","slug":"betriebliche-beratung","status":"publish","type":"page","link":"https:\/\/www.smp-frankfurt.de\/index.php\/betriebliche-beratung\/","title":{"rendered":"Betriebliche Beratung"},"content":{"rendered":"\n<div class=\"wp-block-cover alignfull is-light\" style=\"min-height:520px;aspect-ratio:unset;\"><span aria-hidden=\"true\" class=\"wp-block-cover__background has-background-dim-100 has-background-dim\" style=\"background-color:#eef0ed\"><\/span><div class=\"wp-block-cover__inner-container is-layout-flow wp-block-cover-is-layout-flow\">\n<div class=\"wp-block-group is-layout-constrained wp-container-core-group-is-layout-4383d167 wp-block-group-is-layout-constrained\">\n<div class=\"wp-block-columns is-layout-flex wp-container-core-columns-is-layout-d7d455e7 wp-block-columns-is-layout-flex\" style=\"padding-top:0;padding-right:0;padding-bottom:0;padding-left:0\">\n<div class=\"wp-block-column is-layout-flow wp-block-column-is-layout-flow\" style=\"flex-basis:66%\">\n<div class=\"wp-block-group is-layout-flow wp-block-group-is-layout-flow\">\n<div class=\"wp-block-group is-layout-flow wp-block-group-is-layout-flow\">\n<div style=\"height:1px\" aria-hidden=\"true\" class=\"wp-block-spacer\"><\/div>\n\n\n\n<h3 class=\"wp-block-heading has-foreground-color has-text-color\">Betriebliche Beratung<\/h3>\n\n\n\n<p style=\"font-size:20px\">Performance steigern, Mehrwerte generieren: Potenziale sind h\u00e4ufig verborgen und m\u00fcssen zun\u00e4chst sichtbar gemacht werden. Aus diesem Grund stellt ein effizientes Controlling- und Planungssystem die unabdingbare Schaltzentrale zur Unternehmenssteuerung dar.<\/p>\n\n\n\n<p style=\"font-size:20px\">Gerne k\u00fcmmern wir uns um die Implementierung derartiger Steuerungsinstrumente. Schauen Sie gemeinsam mit uns hinter die Zahlen und erweitern Sie Ihren Handlungsrahmen.<\/p>\n<\/div>\n\n\n\n<div style=\"height:26px\" aria-hidden=\"true\" class=\"wp-block-spacer\"><\/div>\n\n\n\n<div class=\"wp-block-group is-layout-flow wp-block-group-is-layout-flow\">\n<div style=\"height:1px\" aria-hidden=\"true\" class=\"wp-block-spacer\"><\/div>\n<\/div>\n<\/div>\n<\/div>\n\n\n\n<div class=\"wp-block-column is-layout-flow wp-block-column-is-layout-flow\" style=\"flex-basis:33%\">\n<div style=\"height:77px\" aria-hidden=\"true\" class=\"wp-block-spacer\"><\/div>\n\n\n\n<figure class=\"wp-block-image size-full has-custom-border\"><img loading=\"lazy\" decoding=\"async\" width=\"400\" height=\"267\" src=\"https:\/\/smp-frankfurt.de\/wp-content\/uploads\/2023\/04\/betriebliche-Beratung_3.jpg\" alt=\"\" class=\"wp-image-425\" style=\"border-radius:25px\" srcset=\"https:\/\/www.smp-frankfurt.de\/wp-content\/uploads\/2023\/04\/betriebliche-Beratung_3.jpg 400w, https:\/\/www.smp-frankfurt.de\/wp-content\/uploads\/2023\/04\/betriebliche-Beratung_3-300x200.jpg 300w\" sizes=\"auto, (max-width: 400px) 100vw, 400px\" \/><\/figure>\n<\/div>\n<\/div>\n<\/div>\n\n\n\n<div class=\"wp-block-group is-layout-constrained wp-container-core-group-is-layout-4383d167 wp-block-group-is-layout-constrained\">\n<hr class=\"wp-block-separator has-alpha-channel-opacity is-style-wide\"\/>\n\n\n\n<div class=\"wp-block-columns is-layout-flex wp-container-core-columns-is-layout-28f84493 wp-block-columns-is-layout-flex\">\n<div class=\"wp-block-column is-layout-flow wp-block-column-is-layout-flow\" style=\"flex-basis:33.33%\">\n<figure class=\"wp-block-image size-full has-custom-border\"><img loading=\"lazy\" decoding=\"async\" width=\"400\" height=\"263\" src=\"https:\/\/smp-frankfurt.de\/wp-content\/uploads\/2023\/04\/betriebliche-Beratung.jpg\" alt=\"\" class=\"wp-image-426\" style=\"border-radius:25px\" srcset=\"https:\/\/www.smp-frankfurt.de\/wp-content\/uploads\/2023\/04\/betriebliche-Beratung.jpg 400w, https:\/\/www.smp-frankfurt.de\/wp-content\/uploads\/2023\/04\/betriebliche-Beratung-300x197.jpg 300w\" sizes=\"auto, (max-width: 400px) 100vw, 400px\" \/><\/figure>\n<\/div>\n\n\n\n<div class=\"wp-block-column is-layout-flow wp-block-column-is-layout-flow\" style=\"flex-basis:66.66%\">\n<p style=\"font-size:20px\">Unternehmertum bedeutet Entscheiden unter Unsicherheit. Aus diesem Grund ist es unerl\u00e4sslich, Risiken fr\u00fchzeitig zu erkennen, um die richtigen Ma\u00dfnahmen einzuleiten. Wir unterst\u00fctzen Sie dabei, Ihre Aktivit\u00e4ten auf langfristig festen Boden zu stellen und verl\u00e4ssliche Strukturen zu etablieren. Gemeinsam durchleuchten wir Ihre finanziellen Strukturen und erarbeiten Perspektiven, damit Sie nicht vom sicheren Weg abkommen.<\/p>\n\n\n\n<p style=\"font-size:20px\"><br>Die Internationalisierung bietet gleicherma\u00dfen Chancen und Herausforderungen. Gerade an der Kosten- und Erl\u00f6sstruktur kn\u00fcpft Ihre Wettbewerbsf\u00e4higkeit an. Erfahrungsgem\u00e4\u00df spielen Kapitalkosten dabei eine herausragende Rolle. Wir unterst\u00fctzen Sie, eine optimale Finanzierungsstruktur zu etablieren, welche Zinsbelastung einerseits und Liquidit\u00e4t andererseits in Balance beh\u00e4lt.<\/p>\n<\/div>\n<\/div>\n\n\n\n<p class=\"has-text-align-center has-large-font-size\"><\/p>\n\n\n\n<div class=\"wp-block-group is-layout-constrained wp-container-core-group-is-layout-4383d167 wp-block-group-is-layout-constrained\">\n<hr class=\"wp-block-separator has-alpha-channel-opacity is-style-wide\"\/>\n\n\n\n<p style=\"font-size:20px\">Familiengef\u00fchrte Unternehmen bilden nicht nur ein starkes Fundament unserer Volkswirtschaft, sondern stehen zudem f\u00fcr Kontinuit\u00e4t und Werteverbundenheit. Um dies zu bewahren, bedarf es umfassender Nachfolgeregelungen. Wir sorgen f\u00fcr die rechtlichen und betriebswirtschaftlichen Grundlagen, um den nachhaltigen Bestand Ihres Unternehmens zu sichern.<\/p>\n\n\n\n<div style=\"height:30px\" aria-hidden=\"true\" class=\"wp-block-spacer\"><\/div>\n<\/div>\n<\/div>\n<\/div><\/div>\n\n\n\n<div class=\"wp-block-cover alignfull is-light\" style=\"min-height:463px;aspect-ratio:unset;\"><span aria-hidden=\"true\" class=\"wp-block-cover__background has-background-dim-0 has-background-dim\" style=\"background-color:#eef0ed\"><\/span><div class=\"wp-block-cover__inner-container is-layout-flow wp-block-cover-is-layout-flow\">\n<div class=\"wp-block-group is-layout-constrained wp-container-core-group-is-layout-4383d167 wp-block-group-is-layout-constrained\">\n<h3 class=\"wp-block-heading\">Unser Leistungsangebot im Rahmen unseres Fokus:<\/h3>\n\n\n\n<div style=\"height:10px\" aria-hidden=\"true\" class=\"wp-block-spacer\"><\/div>\n<\/div>\n\n\n\n<div class=\"wp-block-group is-layout-constrained wp-container-core-group-is-layout-4383d167 wp-block-group-is-layout-constrained\">\n<ul class=\"wp-block-list\">\n<li>Betriebliche Altersversorgung<\/li>\n\n\n\n<li>Unternehmensplanung einschl. Finanzplanung\/Cash\u2013Management<\/li>\n\n\n\n<li>Unternehmenskauf und -verkauf<\/li>\n\n\n\n<li>Unternehmensbewertungen<\/li>\n\n\n\n<li>Beratung bei der Einrichtung von internen Kontroll- und Risikomanagementsystemen<\/li>\n\n\n\n<li>Controlling und Aufbau \/ Weiterentwicklung von Kostenrechnungsverfahren<\/li>\n\n\n\n<li>Beratung im Rahmen von Ratings<\/li>\n\n\n\n<li>Betriebswirtschaftliche Gutachten<\/li>\n<\/ul>\n<\/div>\n<\/div><\/div>\n\n\n\n<div class=\"wp-block-cover alignfull is-light\" style=\"min-height:374px;aspect-ratio:unset;\"><span aria-hidden=\"true\" class=\"wp-block-cover__background has-background-dim-100 has-background-dim\" style=\"background-color:#ececeb\"><\/span><div class=\"wp-block-cover__inner-container is-layout-flow wp-block-cover-is-layout-flow\">\n<div class=\"wp-block-group is-layout-constrained wp-container-core-group-is-layout-4383d167 wp-block-group-is-layout-constrained\">\n<div style=\"height:14px\" aria-hidden=\"true\" class=\"wp-block-spacer\"><\/div>\n\n\n\n<h3 class=\"wp-block-heading has-text-align-center has-text-color\" style=\"color:#121212\">Unsere Leistungen im \u00dcberblick<\/h3>\n\n\n\n<div style=\"height:0px\" aria-hidden=\"true\" class=\"wp-block-spacer\"><\/div>\n\n\n\n<div class=\"wp-block-group is-content-justification-center is-nowrap is-layout-flex wp-container-core-group-is-layout-23441af8 wp-block-group-is-layout-flex\">\n<figure class=\"wp-block-image size-full has-custom-border\"><a href=\"https:\/\/smp-frankfurt.de\/index.php\/steuerberatung\/\"><img loading=\"lazy\" decoding=\"async\" width=\"225\" height=\"205\" src=\"https:\/\/smp-frankfurt.de\/wp-content\/uploads\/2023\/04\/Button_Steuerbearatung.jpg\" alt=\"Steuerberatung\" class=\"wp-image-181\" style=\"border-radius:24px\"\/><\/a><figcaption class=\"wp-element-caption\"><a href=\"https:\/\/smp-frankfurt.de\/index.php\/steuerberatung\/\" data-type=\"page\" data-id=\"300\">Steuerberatung<\/a><\/figcaption><\/figure>\n\n\n\n<figure class=\"wp-block-image size-full has-custom-border\"><a href=\"https:\/\/smp-frankfurt.de\/index.php\/wirtschaftspruefung\/\"><img loading=\"lazy\" decoding=\"async\" width=\"225\" height=\"205\" src=\"https:\/\/smp-frankfurt.de\/wp-content\/uploads\/2023\/04\/Button_Rechtsberatung.jpg\" alt=\"Wirtschaftspr\u00fcfung\" class=\"wp-image-182\" style=\"border-radius:24px\"\/><\/a><figcaption class=\"wp-element-caption\"><a href=\"https:\/\/smp-frankfurt.de\/index.php\/wirtschaftspruefung\/\" data-type=\"page\" data-id=\"371\">Wirtschaftspr\u00fcfung<\/a><\/figcaption><\/figure>\n\n\n\n<figure class=\"wp-block-image size-full has-custom-border\"><a href=\"https:\/\/smp-frankfurt.de\/index.php\/rechtsberatung\/\"><img loading=\"lazy\" decoding=\"async\" width=\"225\" height=\"205\" src=\"https:\/\/smp-frankfurt.de\/wp-content\/uploads\/2023\/04\/Button_BetrieblicheBeratung.jpg\" alt=\"Rechtsberatung\" class=\"wp-image-180\" style=\"border-radius:24px\"\/><\/a><figcaption class=\"wp-element-caption\"><a href=\"https:\/\/smp-frankfurt.de\/index.php\/rechtsberatung\/\" data-type=\"page\" data-id=\"395\">Rechtsberatung<\/a><\/figcaption><\/figure>\n\n\n\n<figure class=\"wp-block-image size-full has-custom-border\"><a href=\"https:\/\/smp-frankfurt.de\/index.php\/betriebliche-beratung\/\"><img loading=\"lazy\" decoding=\"async\" width=\"225\" height=\"205\" src=\"https:\/\/smp-frankfurt.de\/wp-content\/uploads\/2023\/04\/Button_Wirtschaftspruefung.jpg\" alt=\"Betriebliche Beratung\" class=\"wp-image-183\" style=\"border-radius:24px\"\/><\/a><figcaption class=\"wp-element-caption\"><a href=\"https:\/\/smp-frankfurt.de\/index.php\/betriebliche-beratung\/\" data-type=\"page\" data-id=\"397\">Betriebliche Beratung<\/a><\/figcaption><\/figure>\n<\/div>\n\n\n\n<div style=\"height:5px\" aria-hidden=\"true\" class=\"wp-block-spacer\"><\/div>\n<\/div>\n<\/div><\/div>\n","protected":false},"excerpt":{"rendered":"","protected":false},"author":1,"featured_media":0,"parent":0,"menu_order":0,"comment_status":"closed","ping_status":"closed","template":"","meta":{"footnotes":""},"class_list":["post-397","page","type-page","status-publish","hentry"],"_links":{"self":[{"href":"https:\/\/www.smp-frankfurt.de\/index.php\/wp-json\/wp\/v2\/pages\/397","targetHints":{"allow":["GET"]}}],"collection":[{"href":"https:\/\/www.smp-frankfurt.de\/index.php\/wp-json\/wp\/v2\/pages"}],"about":[{"href":"https:\/\/www.smp-frankfurt.de\/index.php\/wp-json\/wp\/v2\/types\/page"}],"author":[{"embeddable":true,"href":"https:\/\/www.smp-frankfurt.de\/index.php\/wp-json\/wp\/v2\/users\/1"}],"replies":[{"embeddable":true,"href":"https:\/\/www.smp-frankfurt.de\/index.php\/wp-json\/wp\/v2\/comments?post=397"}],"version-history":[{"count":13,"href":"https:\/\/www.smp-frankfurt.de\/index.php\/wp-json\/wp\/v2\/pages\/397\/revisions"}],"predecessor-version":[{"id":789,"href":"https:\/\/www.smp-frankfurt.de\/index.php\/wp-json\/wp\/v2\/pages\/397\/revisions\/789"}],"wp:attachment":[{"href":"https:\/\/www.smp-frankfurt.de\/index.php\/wp-json\/wp\/v2\/media?parent=397"}],"curies":[{"name":"wp","href":"https:\/\/api.w.org\/{rel}","templated":true}]}}