{"id":437,"date":"2023-04-08T12:11:08","date_gmt":"2023-04-08T12:11:08","guid":{"rendered":"https:\/\/wp.warp-factory.de\/?page_id=437"},"modified":"2026-01-05T15:37:28","modified_gmt":"2026-01-05T15:37:28","slug":"karriere-jobs","status":"publish","type":"page","link":"https:\/\/www.smp-frankfurt.de\/index.php\/karriere-jobs\/","title":{"rendered":"Karriere &#038; Jobs"},"content":{"rendered":"\n<div style=\"height:25px\" aria-hidden=\"true\" class=\"wp-block-spacer\"><\/div>\n\n\n\n<div class=\"wp-block-group is-layout-constrained wp-container-core-group-is-layout-4383d167 wp-block-group-is-layout-constrained\">\n<h2 class=\"wp-block-heading has-text-align-left\">Karriere bei SMP in Frankfurt<\/h2>\n<\/div>\n\n\n\n<div class=\"wp-block-cover alignfull is-light\" style=\"min-height:319px;aspect-ratio:unset;\"><span aria-hidden=\"true\" class=\"wp-block-cover__background has-background-dim-100 has-background-dim\" style=\"background-color:#ececeb\"><\/span><div class=\"wp-block-cover__inner-container is-layout-flow wp-block-cover-is-layout-flow\">\n<div class=\"wp-block-group is-layout-constrained wp-container-core-group-is-layout-4383d167 wp-block-group-is-layout-constrained\">\n<h3 class=\"wp-block-heading has-text-align-left has-text-color\" style=\"color:#121212\">Unsere aktuellen Stellenangebote &#8211; Neu: ab Januar 2026<\/h3>\n\n\n\n<p class=\"has-x-large-font-size\"><a href=\"https:\/\/www.smp-frankfurt.de\/wp-content\/uploads\/2024\/05\/Steuerberater-Juni-2024.pdf\">Steuerberater (w\/m\/d)<\/a><\/p>\n\n\n\n<p class=\"has-x-large-font-size\"><a href=\"https:\/\/www.smp-frankfurt.de\/wp-content\/uploads\/2024\/05\/Pruefungsassistent-Juni-2024.pdf\">Pr\u00fcfungsassistent (w\/m\/d)<\/a><\/p>\n\n\n\n<h4 class=\"wp-block-heading\"><\/h4>\n\n\n\n<div class=\"wp-block-group is-layout-constrained wp-block-group-is-layout-constrained\"><\/div>\n\n\n\n<div style=\"height:5px\" aria-hidden=\"true\" class=\"wp-block-spacer\"><\/div>\n<\/div>\n<\/div><\/div>\n\n\n\n<div class=\"wp-block-cover alignfull is-light\" style=\"min-height:361px;aspect-ratio:unset;\"><span aria-hidden=\"true\" class=\"wp-block-cover__background has-background-dim-100 has-background-dim\" style=\"background-color:#eef0ed\"><\/span><div class=\"wp-block-cover__inner-container is-layout-flow wp-block-cover-is-layout-flow\">\n<div class=\"wp-block-group has-background is-layout-constrained wp-container-core-group-is-layout-4383d167 wp-block-group-is-layout-constrained\" style=\"background-color:#eef0ed\">\n<div class=\"wp-block-columns is-layout-flex wp-container-core-columns-is-layout-28f84493 wp-block-columns-is-layout-flex\">\n<div class=\"wp-block-column is-layout-flow wp-block-column-is-layout-flow\">\n<h3 class=\"wp-block-heading\">Berufstr\u00e4ger, Berufserfahrene und Absolventen<\/h3>\n\n\n\n<p style=\"font-size:20px\">Als namhafte Soziet\u00e4t legen wir gr\u00f6\u00dften Wert auf ein fachkundiges und motiviertes Beraterteam. Aus diesem Grund sind wir stets offen f\u00fcr Neuzug\u00e4nge. Dies gilt f\u00fcr Berufstr\u00e4ger bzw. andere Berufserfahrene sowie f\u00fcr Hochschulabg\u00e4nger, Steuerfachangestellte und -fachwirte gleicherma\u00dfen.<\/p>\n\n\n\n<p style=\"font-size:20px\">Um die Qualit\u00e4t unserer Expertise nach au\u00dfen, aber auch die Zusammengeh\u00f6rigkeit nach innen zu gew\u00e4hrleisten, spielt der Auswahlprozess eine gewichtige Rolle. Denn sowohl fachkundige Beratung als auch ein angenehmes Arbeitsklima sind nach unserer Auffassung zwei Seiten der gleichen Medaille.<\/p>\n\n\n\n<p style=\"font-size:20px\">Ferner erachten wir es als unsere Aufgabe, jeder Kollegin und jedem Kollegen die individuellen Perspektiven zu bieten, welche die eigene Weiterentwicklung f\u00f6rdern. Mit anderen Worten: Pers\u00f6nliche Pr\u00e4ferenzen, fachliche Schwerpunkte sowie die notwendigen Fortbildungsma\u00dfnahmen sind von elementarer Bedeutung.<\/p>\n\n\n\n<p style=\"font-size:20px\">Wir freuen uns, wenn die Mitarbeit in unserem Team Ihr Interesse geweckt hat. Gerne nehmen wir Ihre Bewerbungsunterlagen entgegen und kommen mit Ihnen ins Gespr\u00e4ch.<\/p>\n\n\n\n<figure class=\"wp-block-image size-full is-resized\"><a href=\"https:\/\/smp-frankfurt.de\/index.php\/kontakt\/\"><img loading=\"lazy\" decoding=\"async\" width=\"300\" height=\"108\" src=\"https:\/\/smp-frankfurt.de\/wp-content\/uploads\/2023\/04\/button.png\" alt=\"\" class=\"wp-image-478\" style=\"width:200px\"\/><\/a><\/figure>\n<\/div>\n\n\n\n<div class=\"wp-block-column is-layout-flow wp-block-column-is-layout-flow\">\n<div class=\"wp-block-columns is-layout-flex wp-container-core-columns-is-layout-28f84493 wp-block-columns-is-layout-flex\">\n<div class=\"wp-block-column is-layout-flow wp-block-column-is-layout-flow\">\n<h3 class=\"wp-block-heading\">Ausbildung<\/h3>\n\n\n\n<div style=\"height:27px\" aria-hidden=\"true\" class=\"wp-block-spacer\"><\/div>\n\n\n\n<p style=\"font-size:20px\">Kompetente Mitarbeiter bilden die Zukunft unserer Soziet\u00e4t. Daher erachten wir die fundierte kaufm\u00e4nnische Ausbildung als unsere Verpflichtung.<\/p>\n\n\n\n<div style=\"height:1px\" aria-hidden=\"true\" class=\"wp-block-spacer\"><\/div>\n\n\n\n<figure class=\"wp-block-image aligncenter size-full has-custom-border\"><img loading=\"lazy\" decoding=\"async\" width=\"230\" height=\"151\" src=\"https:\/\/smp-frankfurt.de\/wp-content\/uploads\/2023\/04\/csm_betriebliche-Beratung_2_39e9a919ff.jpg\" alt=\"\" class=\"wp-image-461\" style=\"border-radius:25px\"\/><\/figure>\n<\/div>\n<\/div>\n\n\n\n<p class=\"has-text-align-left\" style=\"font-size:20px\">Wir bieten die Ausbildung zur\/zum Steuerfachangestellten an. Dabei sind individuelle F\u00f6rderma\u00dfnahmen, sowohl f\u00fcr den schulischen Erfolg wie auch f\u00fcr die t\u00e4gliche Arbeit im B\u00fcro selbstverst\u00e4ndlich.<\/p>\n\n\n\n<p style=\"font-size:20px\">Wenn Sie Teil unseres Teams werden m\u00f6chten und Interesse an einer Ausbildung in unserem Hause haben, nehmen wir Ihre Bewerbung gerne entgegen.<\/p>\n\n\n\n<figure class=\"wp-block-image size-full is-resized\"><a href=\"https:\/\/smp-frankfurt.de\/index.php\/kontakt\/\"><img loading=\"lazy\" decoding=\"async\" width=\"300\" height=\"108\" src=\"https:\/\/smp-frankfurt.de\/wp-content\/uploads\/2023\/04\/button.png\" alt=\"\" class=\"wp-image-478\" style=\"width:200px\"\/><\/a><\/figure>\n\n\n\n<div class=\"wp-block-group is-layout-constrained wp-block-group-is-layout-constrained\">\n<p>Wir freuen uns auf Ihre Bewerbung unter<\/p>\n\n\n<p><a href=\"mailto: bewerbungen@smp-frankfurt.de\">bewerbungen@smp-frankfurt.de <\/a><\/p>\n<\/div>\n\n\n\n<div style=\"height:68px\" aria-hidden=\"true\" class=\"wp-block-spacer\"><\/div>\n\n\n\n<figure class=\"wp-block-image alignright size-full is-resized\"><a href=\"https:\/\/www.xing.com\/pages\/smpschinoglmuller-partnergbr\" target=\"_blank\" rel=\"noreferrer noopener\"><img loading=\"lazy\" decoding=\"async\" width=\"944\" height=\"371\" src=\"https:\/\/smp-frankfurt.de\/wp-content\/uploads\/2023\/04\/Logo-xing.png\" alt=\"\" class=\"wp-image-481\" style=\"width:200px\" srcset=\"https:\/\/www.smp-frankfurt.de\/wp-content\/uploads\/2023\/04\/Logo-xing.png 944w, https:\/\/www.smp-frankfurt.de\/wp-content\/uploads\/2023\/04\/Logo-xing-300x118.png 300w, https:\/\/www.smp-frankfurt.de\/wp-content\/uploads\/2023\/04\/Logo-xing-768x302.png 768w\" sizes=\"auto, (max-width: 944px) 100vw, 944px\" \/><\/a><\/figure>\n<\/div>\n<\/div>\n<\/div>\n<\/div><\/div>\n","protected":false},"excerpt":{"rendered":"<p>Karriere bei SMP in Frankfurt<\/p>\n","protected":false},"author":1,"featured_media":0,"parent":0,"menu_order":0,"comment_status":"closed","ping_status":"closed","template":"","meta":{"footnotes":""},"class_list":["post-437","page","type-page","status-publish","hentry"],"_links":{"self":[{"href":"https:\/\/www.smp-frankfurt.de\/index.php\/wp-json\/wp\/v2\/pages\/437","targetHints":{"allow":["GET"]}}],"collection":[{"href":"https:\/\/www.smp-frankfurt.de\/index.php\/wp-json\/wp\/v2\/pages"}],"about":[{"href":"https:\/\/www.smp-frankfurt.de\/index.php\/wp-json\/wp\/v2\/types\/page"}],"author":[{"embeddable":true,"href":"https:\/\/www.smp-frankfurt.de\/index.php\/wp-json\/wp\/v2\/users\/1"}],"replies":[{"embeddable":true,"href":"https:\/\/www.smp-frankfurt.de\/index.php\/wp-json\/wp\/v2\/comments?post=437"}],"version-history":[{"count":69,"href":"https:\/\/www.smp-frankfurt.de\/index.php\/wp-json\/wp\/v2\/pages\/437\/revisions"}],"predecessor-version":[{"id":1030,"href":"https:\/\/www.smp-frankfurt.de\/index.php\/wp-json\/wp\/v2\/pages\/437\/revisions\/1030"}],"wp:attachment":[{"href":"https:\/\/www.smp-frankfurt.de\/index.php\/wp-json\/wp\/v2\/media?parent=437"}],"curies":[{"name":"wp","href":"https:\/\/api.w.org\/{rel}","templated":true}]}}