{"id":60,"date":"2023-04-03T12:00:44","date_gmt":"2023-04-03T12:00:44","guid":{"rendered":"https:\/\/wp.warp-factory.de\/?page_id=60"},"modified":"2026-04-07T12:09:16","modified_gmt":"2026-04-07T12:09:16","slug":"startseite","status":"publish","type":"page","link":"https:\/\/www.smp-frankfurt.de\/","title":{"rendered":"Startseite"},"content":{"rendered":"\n<div class=\"wp-block-cover alignfull is-light\" style=\"min-height:603px;aspect-ratio:unset;\"><span aria-hidden=\"true\" class=\"wp-block-cover__background has-background-dim-100 has-background-dim\" style=\"background-color:#ececeb\"><\/span><div class=\"wp-block-cover__inner-container is-layout-flow wp-block-cover-is-layout-flow\">\n<div class=\"wp-block-group is-layout-constrained wp-container-core-group-is-layout-4383d167 wp-block-group-is-layout-constrained\">\n<h3 class=\"wp-block-heading has-text-align-center has-text-color\" style=\"color:#121212\">Herzlich willkommen bei SMP Schinogl M\u00fcller &amp; Partner GbR!<\/h3>\n\n\n\n<p class=\"has-text-align-center has-text-color\" style=\"color:#121212;font-size:22px\">Wir sind eine mittelst\u00e4ndische und auf individuelle Betreuung fokussierte Soziet\u00e4t im Zentrum von Frankfurt am Main. Informieren Sie sich \u00fcber unsere Beratungsfelder und \u00fcberzeugen Sie sich von unseren Kompetenzen. Kontaktieren Sie uns und kommen Sie mit uns ins pers\u00f6nliche Gespr\u00e4ch.<\/p>\n\n\n\n<p class=\"has-text-align-center\" style=\"font-style:normal;font-weight:700\">Bitte beachten Sie unsere aktuellen Stellenangebote unter &#8222;Karriere und Jobs&#8220; (neu: ab April 2026)! Ihre Bewerbungen sind jederzeit willkommen!<\/p>\n\n\n\n<div style=\"height:33px\" aria-hidden=\"true\" class=\"wp-block-spacer\"><\/div>\n\n\n\n<div class=\"wp-block-group is-content-justification-center is-nowrap is-layout-flex wp-container-core-group-is-layout-23441af8 wp-block-group-is-layout-flex\">\n<figure class=\"wp-block-image size-full has-custom-border\"><a href=\"https:\/\/smp-frankfurt.de\/index.php\/steuerberatung\/\"><img loading=\"lazy\" decoding=\"async\" width=\"225\" height=\"205\" src=\"https:\/\/smp-frankfurt.de\/wp-content\/uploads\/2023\/04\/Button_Steuerbearatung.jpg\" alt=\"Steuerberatung\" class=\"wp-image-181\" style=\"border-radius:24px\"\/><\/a><figcaption class=\"wp-element-caption\"><a href=\"https:\/\/smp-frankfurt.de\/index.php\/steuerberatung\/\" data-type=\"page\" data-id=\"300\">Steuerberatung<\/a><\/figcaption><\/figure>\n\n\n\n<figure class=\"wp-block-image size-full has-custom-border\"><a href=\"https:\/\/smp-frankfurt.de\/index.php\/wirtschaftspruefung\/\"><img loading=\"lazy\" decoding=\"async\" width=\"225\" height=\"205\" src=\"https:\/\/smp-frankfurt.de\/wp-content\/uploads\/2023\/04\/Button_Rechtsberatung.jpg\" alt=\"Wirtschaftspr\u00fcfung\" class=\"wp-image-182\" style=\"border-radius:24px\"\/><\/a><figcaption class=\"wp-element-caption\"><a href=\"https:\/\/smp-frankfurt.de\/index.php\/wirtschaftspruefung\/\" data-type=\"page\" data-id=\"371\">Wirtschaftspr\u00fcfung<\/a><\/figcaption><\/figure>\n\n\n\n<figure class=\"wp-block-image size-full has-custom-border\"><a href=\"https:\/\/smp-frankfurt.de\/index.php\/rechtsberatung\/\"><img loading=\"lazy\" decoding=\"async\" width=\"225\" height=\"205\" src=\"https:\/\/smp-frankfurt.de\/wp-content\/uploads\/2023\/04\/Button_BetrieblicheBeratung.jpg\" alt=\"Rechtsberatung\" class=\"wp-image-180\" style=\"border-radius:24px\"\/><\/a><figcaption class=\"wp-element-caption\"><a href=\"https:\/\/smp-frankfurt.de\/index.php\/rechtsberatung\/\" data-type=\"page\" data-id=\"395\">Rechtsberatung<\/a><\/figcaption><\/figure>\n\n\n\n<figure class=\"wp-block-image size-full has-custom-border\"><a href=\"https:\/\/smp-frankfurt.de\/index.php\/betriebliche-beratung\/\"><img loading=\"lazy\" decoding=\"async\" width=\"225\" height=\"205\" src=\"https:\/\/smp-frankfurt.de\/wp-content\/uploads\/2023\/04\/Button_Wirtschaftspruefung.jpg\" alt=\"Betriebliche Beratung\" class=\"wp-image-183\" style=\"border-radius:24px\"\/><\/a><figcaption class=\"wp-element-caption\"><a href=\"https:\/\/smp-frankfurt.de\/index.php\/betriebliche-beratung\/\" data-type=\"page\" data-id=\"397\">Betriebliche Beratung<\/a><\/figcaption><\/figure>\n<\/div>\n\n\n\n<div style=\"height:5px\" aria-hidden=\"true\" class=\"wp-block-spacer\"><\/div>\n<\/div>\n<\/div><\/div>\n\n\n\n<div class=\"wp-block-cover alignfull is-light\" style=\"min-height:449px;aspect-ratio:unset;\"><span aria-hidden=\"true\" class=\"wp-block-cover__background has-background-dim-0 has-background-dim\"><\/span><div class=\"wp-block-cover__inner-container is-layout-flow wp-block-cover-is-layout-flow\">\n<div class=\"wp-block-group is-layout-constrained wp-container-core-group-is-layout-4383d167 wp-block-group-is-layout-constrained\">\n<div style=\"height:51px\" aria-hidden=\"true\" class=\"wp-block-spacer\"><\/div>\n\n\n\n<h3 class=\"wp-block-heading has-text-align-center has-text-color\" style=\"color:#121212\">Unsere Wirtschaftspr\u00fcfer, Steuerberater und Rechtsanw\u00e4lte<\/h3>\n\n\n\n<div class=\"wp-block-group is-content-justification-left is-nowrap is-layout-flex wp-container-core-group-is-layout-fc9f69e7 wp-block-group-is-layout-flex\">\n<figure class=\"wp-block-image size-full has-custom-border\"><img loading=\"lazy\" decoding=\"async\" width=\"475\" height=\"240\" src=\"https:\/\/smp-frankfurt.de\/wp-content\/uploads\/2023\/04\/Bild-Startseite_unten-1.jpg\" alt=\"\" class=\"wp-image-198\" style=\"border-radius:24px\" srcset=\"https:\/\/www.smp-frankfurt.de\/wp-content\/uploads\/2023\/04\/Bild-Startseite_unten-1.jpg 475w, https:\/\/www.smp-frankfurt.de\/wp-content\/uploads\/2023\/04\/Bild-Startseite_unten-1-300x152.jpg 300w\" sizes=\"auto, (max-width: 475px) 100vw, 475px\" \/><\/figure>\n\n\n\n<div class=\"wp-block-group is-layout-constrained wp-block-group-is-layout-constrained\">\n<p style=\"padding-top:var(--wp--preset--spacing--60);padding-right:var(--wp--preset--spacing--60);padding-bottom:var(--wp--preset--spacing--60);padding-left:var(--wp--preset--spacing--60);font-size:22px\">Ob Partner, Berater oder Fachmitarbeiter: Auf allen Ebenen stehen sowohl Qualifikation als auch die F\u00e4higkeit zur individuellen L\u00f6sungsfindung im Zentrum unseres Beratungsansatzes. Dabei kommt der interdisziplin\u00e4ren und fach\u00fcbergreifenden Betrachtung des jeweiligen Sachverhalts eine herausragende Rolle zu.<\/p>\n\n\n\n<div class=\"wp-block-group is-layout-constrained wp-block-group-is-layout-constrained\">\n<p style=\"font-size:22px\"><strong>Sie wollen Teil unseres Teams werden. Informieren Sie sich auf unserer <a href=\"https:\/\/smp-frankfurt.de\/index.php\/karriere-jobs\/\" data-type=\"page\" data-id=\"437\">Karriereseite<\/a>.<\/strong><\/p>\n<\/div>\n<\/div>\n<\/div>\n\n\n\n<div style=\"height:33px\" aria-hidden=\"true\" class=\"wp-block-spacer\"><\/div>\n\n\n\n<div style=\"height:5px\" aria-hidden=\"true\" class=\"wp-block-spacer\"><\/div>\n<\/div>\n<\/div><\/div>\n","protected":false},"excerpt":{"rendered":"","protected":false},"author":1,"featured_media":0,"parent":0,"menu_order":0,"comment_status":"closed","ping_status":"closed","template":"","meta":{"footnotes":""},"class_list":["post-60","page","type-page","status-publish","hentry"],"_links":{"self":[{"href":"https:\/\/www.smp-frankfurt.de\/index.php\/wp-json\/wp\/v2\/pages\/60","targetHints":{"allow":["GET"]}}],"collection":[{"href":"https:\/\/www.smp-frankfurt.de\/index.php\/wp-json\/wp\/v2\/pages"}],"about":[{"href":"https:\/\/www.smp-frankfurt.de\/index.php\/wp-json\/wp\/v2\/types\/page"}],"author":[{"embeddable":true,"href":"https:\/\/www.smp-frankfurt.de\/index.php\/wp-json\/wp\/v2\/users\/1"}],"replies":[{"embeddable":true,"href":"https:\/\/www.smp-frankfurt.de\/index.php\/wp-json\/wp\/v2\/comments?post=60"}],"version-history":[{"count":66,"href":"https:\/\/www.smp-frankfurt.de\/index.php\/wp-json\/wp\/v2\/pages\/60\/revisions"}],"predecessor-version":[{"id":1035,"href":"https:\/\/www.smp-frankfurt.de\/index.php\/wp-json\/wp\/v2\/pages\/60\/revisions\/1035"}],"wp:attachment":[{"href":"https:\/\/www.smp-frankfurt.de\/index.php\/wp-json\/wp\/v2\/media?parent=60"}],"curies":[{"name":"wp","href":"https:\/\/api.w.org\/{rel}","templated":true}]}}